{"id":257,"date":"2024-11-14T14:43:19","date_gmt":"2024-11-14T13:43:19","guid":{"rendered":"https:\/\/actionmall.act.at\/shop\/2912\/?post_type=product&#038;p=257"},"modified":"2024-12-12T15:29:59","modified_gmt":"2024-12-12T14:29:59","slug":"cleanser-tiled-floor","status":"publish","type":"product","link":"https:\/\/actionmall.act.at\/shop\/2912\/produkt\/cleanser-tiled-floor\/","title":{"rendered":"CleaNser-Tiled Floor"},"content":{"rendered":"<p>Menge: 1<\/p>\n<p>Palm\u00f6lfrei, ohne petrochemische Substanzen<\/p>\n<p>Geruch: Zitrusgeruch<\/p>\n<p>Erh\u00e4ltlich in zwei Duftrichtungen: Orange und Zitrone<\/p>\n<p>Entfernt m\u00fchelos Schmutz, Seifenreste und Kalkablagerungen.<\/p>\n<p>Trocknet schnell und streifenfrei.<\/p>\n<p>1000ml pro Packung<\/p>\n","protected":false},"excerpt":{"rendered":"<p>Menge: 1 Palm\u00f6lfrei, ohne petrochemische Substanzen Geruch: Zitrusgeruch Erh\u00e4ltlich in zwei Duftrichtungen: Orange und Zitrone Entfernt m\u00fchelos Schmutz, Seifenreste und Kalkablagerungen. Trocknet schnell und streifenfrei. 1000ml pro Packung<\/p>\n","protected":false},"featured_media":282,"template":"","meta":[],"product_cat":[],"product_tag":[],"class_list":{"0":"post-257","1":"product","2":"type-product","3":"status-publish","4":"has-post-thumbnail","7":"first","8":"instock","9":"taxable","10":"shipping-taxable","11":"purchasable","12":"product-type-simple"},"_links":{"self":[{"href":"https:\/\/actionmall.act.at\/shop\/2912\/wp-json\/wp\/v2\/product\/257"}],"collection":[{"href":"https:\/\/actionmall.act.at\/shop\/2912\/wp-json\/wp\/v2\/product"}],"about":[{"href":"https:\/\/actionmall.act.at\/shop\/2912\/wp-json\/wp\/v2\/types\/product"}],"wp:featuredmedia":[{"embeddable":true,"href":"https:\/\/actionmall.act.at\/shop\/2912\/wp-json\/wp\/v2\/media\/282"}],"wp:attachment":[{"href":"https:\/\/actionmall.act.at\/shop\/2912\/wp-json\/wp\/v2\/media?parent=257"}],"wp:term":[{"taxonomy":"product_cat","embeddable":true,"href":"https:\/\/actionmall.act.at\/shop\/2912\/wp-json\/wp\/v2\/product_cat?post=257"},{"taxonomy":"product_tag","embeddable":true,"href":"https:\/\/actionmall.act.at\/shop\/2912\/wp-json\/wp\/v2\/product_tag?post=257"}],"curies":[{"name":"wp","href":"https:\/\/api.w.org\/{rel}","templated":true}]}}