{"id":259,"date":"2024-11-14T14:54:52","date_gmt":"2024-11-14T13:54:52","guid":{"rendered":"https:\/\/actionmall.act.at\/shop\/2912\/?post_type=product&#038;p=259"},"modified":"2024-12-19T14:44:52","modified_gmt":"2024-12-19T13:44:52","slug":"clean-wet-wipes","status":"publish","type":"product","link":"https:\/\/actionmall.act.at\/shop\/2912\/produkt\/clean-wet-wipes\/","title":{"rendered":"CleaN-Wet Wipes"},"content":{"rendered":"<p>Menge: 1&#215;60<\/p>\n<p>So bleiben Ihre H\u00e4nde immer-feucht!<\/p>\n<p>Leicht abbaubar und zersetzbar F\u00fcr empfindliche Haut geeignet.<\/p>\n<p>Aus Bio Oliven\u00f6l und Aloe Vera hergestellt.<\/p>\n<p>Die Wet Wipes sind frei von Plastik, Alkohol und Parf\u00fcm.<\/p>\n<p>Sie erm\u00f6glichen eine sanfte Reinigung und sind ideal f\u00fcr den allt\u00e4glichen Gebrauch.<\/p>\n<p>60 St\u00fcck pro Packung<\/p>\n","protected":false},"excerpt":{"rendered":"<p>Menge: 1&#215;60 So bleiben Ihre H\u00e4nde immer-feucht! Leicht abbaubar und zersetzbar F\u00fcr empfindliche Haut geeignet. Aus Bio Oliven\u00f6l und Aloe Vera hergestellt. Die Wet Wipes sind frei von Plastik, Alkohol und Parf\u00fcm. Sie erm\u00f6glichen eine sanfte Reinigung und sind ideal f\u00fcr den allt\u00e4glichen Gebrauch. 60 St\u00fcck pro Packung<\/p>\n","protected":false},"featured_media":281,"template":"","meta":[],"product_cat":[],"product_tag":[],"class_list":{"0":"post-259","1":"product","2":"type-product","3":"status-publish","4":"has-post-thumbnail","7":"first","8":"instock","9":"taxable","10":"shipping-taxable","11":"purchasable","12":"product-type-simple"},"_links":{"self":[{"href":"https:\/\/actionmall.act.at\/shop\/2912\/wp-json\/wp\/v2\/product\/259"}],"collection":[{"href":"https:\/\/actionmall.act.at\/shop\/2912\/wp-json\/wp\/v2\/product"}],"about":[{"href":"https:\/\/actionmall.act.at\/shop\/2912\/wp-json\/wp\/v2\/types\/product"}],"wp:featuredmedia":[{"embeddable":true,"href":"https:\/\/actionmall.act.at\/shop\/2912\/wp-json\/wp\/v2\/media\/281"}],"wp:attachment":[{"href":"https:\/\/actionmall.act.at\/shop\/2912\/wp-json\/wp\/v2\/media?parent=259"}],"wp:term":[{"taxonomy":"product_cat","embeddable":true,"href":"https:\/\/actionmall.act.at\/shop\/2912\/wp-json\/wp\/v2\/product_cat?post=259"},{"taxonomy":"product_tag","embeddable":true,"href":"https:\/\/actionmall.act.at\/shop\/2912\/wp-json\/wp\/v2\/product_tag?post=259"}],"curies":[{"name":"wp","href":"https:\/\/api.w.org\/{rel}","templated":true}]}}