{"id":260,"date":"2024-11-14T15:01:02","date_gmt":"2024-11-14T14:01:02","guid":{"rendered":"https:\/\/actionmall.act.at\/shop\/2912\/?post_type=product&#038;p=260"},"modified":"2025-04-06T18:44:26","modified_gmt":"2025-04-06T16:44:26","slug":"clean-towel-dispenser","status":"publish","type":"product","link":"https:\/\/actionmall.act.at\/shop\/2912\/produkt\/clean-towel-dispenser\/","title":{"rendered":"CleaN-Towel Dispenser"},"content":{"rendered":"<p>menge: 1<\/p>\n<p>Ordentliche Aufbewahrung und einfache Entnahme von Reinigungst\u00fcchern.<\/p>\n<p>Der Spender sch\u00fctzt die T\u00fccher vor Verschmutzung und sorgt f\u00fcr eine hygienische Anwendung.<\/p>\n<p>Die Tuchspender sind auff\u00fcllbar und die T\u00fccher bestehen aus<\/p>\n<p>100 % Baumwolle.<\/p>\n","protected":false},"excerpt":{"rendered":"<p>menge: 1 Ordentliche Aufbewahrung und einfache Entnahme von Reinigungst\u00fcchern. Der Spender sch\u00fctzt die T\u00fccher vor Verschmutzung und sorgt f\u00fcr eine hygienische Anwendung. Die Tuchspender sind auff\u00fcllbar und die T\u00fccher bestehen aus 100 % Baumwolle.<\/p>\n","protected":false},"featured_media":280,"template":"","meta":[],"product_cat":[],"product_tag":[],"class_list":{"0":"post-260","1":"product","2":"type-product","3":"status-publish","4":"has-post-thumbnail","7":"first","8":"instock","9":"taxable","10":"shipping-taxable","11":"purchasable","12":"product-type-simple"},"_links":{"self":[{"href":"https:\/\/actionmall.act.at\/shop\/2912\/wp-json\/wp\/v2\/product\/260"}],"collection":[{"href":"https:\/\/actionmall.act.at\/shop\/2912\/wp-json\/wp\/v2\/product"}],"about":[{"href":"https:\/\/actionmall.act.at\/shop\/2912\/wp-json\/wp\/v2\/types\/product"}],"wp:featuredmedia":[{"embeddable":true,"href":"https:\/\/actionmall.act.at\/shop\/2912\/wp-json\/wp\/v2\/media\/280"}],"wp:attachment":[{"href":"https:\/\/actionmall.act.at\/shop\/2912\/wp-json\/wp\/v2\/media?parent=260"}],"wp:term":[{"taxonomy":"product_cat","embeddable":true,"href":"https:\/\/actionmall.act.at\/shop\/2912\/wp-json\/wp\/v2\/product_cat?post=260"},{"taxonomy":"product_tag","embeddable":true,"href":"https:\/\/actionmall.act.at\/shop\/2912\/wp-json\/wp\/v2\/product_tag?post=260"}],"curies":[{"name":"wp","href":"https:\/\/api.w.org\/{rel}","templated":true}]}}