{"id":262,"date":"2024-11-14T15:22:52","date_gmt":"2024-11-14T14:22:52","guid":{"rendered":"https:\/\/actionmall.act.at\/shop\/2912\/?post_type=product&#038;p=262"},"modified":"2024-12-19T14:42:56","modified_gmt":"2024-12-19T13:42:56","slug":"clean-toilet-brush","status":"publish","type":"product","link":"https:\/\/actionmall.act.at\/shop\/2912\/produkt\/clean-toilet-brush\/","title":{"rendered":"CleaN-Toilet Brush"},"content":{"rendered":"<p>Menge: 1<\/p>\n<p>Keine braunen Spuren mehr in Ihrer Sch\u00fcssel!<\/p>\n<p>Halterung aus unbehandeltem Buchenholz und B\u00fcrste aus Schweineborsten.<\/p>\n<p>Die Borsten reinigen sorgf\u00e4ltig und sanft, dadurch werden Kratzer in Toilettensch\u00fcsseln vermieden.<\/p>\n<p>Die Toilettenb\u00fcrste ist speziell konzipiert, um Ablagerungen und Verschmutzungen in der Toilette effektiv zu entfernen.<\/p>\n","protected":false},"excerpt":{"rendered":"<p>Menge: 1 Keine braunen Spuren mehr in Ihrer Sch\u00fcssel! Halterung aus unbehandeltem Buchenholz und B\u00fcrste aus Schweineborsten. Die Borsten reinigen sorgf\u00e4ltig und sanft, dadurch werden Kratzer in Toilettensch\u00fcsseln vermieden. Die Toilettenb\u00fcrste ist speziell konzipiert, um Ablagerungen und Verschmutzungen in der Toilette effektiv zu entfernen.<\/p>\n","protected":false},"featured_media":278,"template":"","meta":[],"product_cat":[],"product_tag":[],"class_list":{"0":"post-262","1":"product","2":"type-product","3":"status-publish","4":"has-post-thumbnail","7":"first","8":"instock","9":"taxable","10":"shipping-taxable","11":"purchasable","12":"product-type-simple"},"_links":{"self":[{"href":"https:\/\/actionmall.act.at\/shop\/2912\/wp-json\/wp\/v2\/product\/262"}],"collection":[{"href":"https:\/\/actionmall.act.at\/shop\/2912\/wp-json\/wp\/v2\/product"}],"about":[{"href":"https:\/\/actionmall.act.at\/shop\/2912\/wp-json\/wp\/v2\/types\/product"}],"wp:featuredmedia":[{"embeddable":true,"href":"https:\/\/actionmall.act.at\/shop\/2912\/wp-json\/wp\/v2\/media\/278"}],"wp:attachment":[{"href":"https:\/\/actionmall.act.at\/shop\/2912\/wp-json\/wp\/v2\/media?parent=262"}],"wp:term":[{"taxonomy":"product_cat","embeddable":true,"href":"https:\/\/actionmall.act.at\/shop\/2912\/wp-json\/wp\/v2\/product_cat?post=262"},{"taxonomy":"product_tag","embeddable":true,"href":"https:\/\/actionmall.act.at\/shop\/2912\/wp-json\/wp\/v2\/product_tag?post=262"}],"curies":[{"name":"wp","href":"https:\/\/api.w.org\/{rel}","templated":true}]}}