{"id":263,"date":"2024-11-14T15:30:53","date_gmt":"2024-11-14T14:30:53","guid":{"rendered":"https:\/\/actionmall.act.at\/shop\/2912\/?post_type=product&#038;p=263"},"modified":"2024-12-19T14:42:22","modified_gmt":"2024-12-19T13:42:22","slug":"clean-sponge","status":"publish","type":"product","link":"https:\/\/actionmall.act.at\/shop\/2912\/produkt\/clean-sponge\/","title":{"rendered":"CleaN-Sponge"},"content":{"rendered":"<p style=\"text-align: left\">Menge: 1&#215;2<\/p>\n<p>Saugt alles auf!<\/p>\n<p>100% biologisch abbaubar.<\/p>\n<p>Bietet eine effiziente Reinigung von Oberfl\u00e4chen, Geschirr oder anderen Haushaltsgegenst\u00e4nden.<\/p>\n<p>Die Form erleichtert das Halten und Reinigen von verschiedenen Oberfl\u00e4chen.<\/p>\n<p>2 St\u00fcck pro Packung<\/p>\n","protected":false},"excerpt":{"rendered":"<p>Menge: 1&#215;2 Saugt alles auf! 100% biologisch abbaubar. Bietet eine effiziente Reinigung von Oberfl\u00e4chen, Geschirr oder anderen Haushaltsgegenst\u00e4nden. Die Form erleichtert das Halten und Reinigen von verschiedenen Oberfl\u00e4chen. 2 St\u00fcck pro Packung<\/p>\n","protected":false},"featured_media":286,"template":"","meta":[],"product_cat":[],"product_tag":[],"class_list":{"0":"post-263","1":"product","2":"type-product","3":"status-publish","4":"has-post-thumbnail","7":"first","8":"instock","9":"taxable","10":"shipping-taxable","11":"purchasable","12":"product-type-simple"},"_links":{"self":[{"href":"https:\/\/actionmall.act.at\/shop\/2912\/wp-json\/wp\/v2\/product\/263"}],"collection":[{"href":"https:\/\/actionmall.act.at\/shop\/2912\/wp-json\/wp\/v2\/product"}],"about":[{"href":"https:\/\/actionmall.act.at\/shop\/2912\/wp-json\/wp\/v2\/types\/product"}],"wp:featuredmedia":[{"embeddable":true,"href":"https:\/\/actionmall.act.at\/shop\/2912\/wp-json\/wp\/v2\/media\/286"}],"wp:attachment":[{"href":"https:\/\/actionmall.act.at\/shop\/2912\/wp-json\/wp\/v2\/media?parent=263"}],"wp:term":[{"taxonomy":"product_cat","embeddable":true,"href":"https:\/\/actionmall.act.at\/shop\/2912\/wp-json\/wp\/v2\/product_cat?post=263"},{"taxonomy":"product_tag","embeddable":true,"href":"https:\/\/actionmall.act.at\/shop\/2912\/wp-json\/wp\/v2\/product_tag?post=263"}],"curies":[{"name":"wp","href":"https:\/\/api.w.org\/{rel}","templated":true}]}}