{"id":266,"date":"2024-11-14T15:40:46","date_gmt":"2024-11-14T14:40:46","guid":{"rendered":"https:\/\/actionmall.act.at\/shop\/2912\/?post_type=product&#038;p=266"},"modified":"2024-12-12T16:09:36","modified_gmt":"2024-12-12T15:09:36","slug":"clean-pearls","status":"publish","type":"product","link":"https:\/\/actionmall.act.at\/shop\/2912\/produkt\/clean-pearls\/","title":{"rendered":"CleaN-Pearls"},"content":{"rendered":"<p>Menge: 1<\/p>\n<p>Blubbernde Reise in die Reinlichkeit!<\/p>\n<p>Wasserl\u00f6sliches Reinigungsmittel.<\/p>\n<p>Frei von k\u00fcnstlichen Duftstoffen und Phosphaten.<\/p>\n<p>Wirkt mit Bioenzymen.<\/p>\n<p>Kraftvolle Reinigung garantiert.<\/p>\n<p>Entfernt auch hartn\u00e4ckige Verschmutzungen.<\/p>\n<p>CleaN-Pearl sind schonend zu Oberfl\u00e4chen.<\/p>\n<p>150g pro Packung<\/p>\n","protected":false},"excerpt":{"rendered":"<p>Menge: 1 Blubbernde Reise in die Reinlichkeit! Wasserl\u00f6sliches Reinigungsmittel. Frei von k\u00fcnstlichen Duftstoffen und Phosphaten. Wirkt mit Bioenzymen. Kraftvolle Reinigung garantiert. Entfernt auch hartn\u00e4ckige Verschmutzungen. CleaN-Pearl sind schonend zu Oberfl\u00e4chen. 150g pro Packung<\/p>\n","protected":false},"featured_media":287,"template":"","meta":[],"product_cat":[],"product_tag":[],"class_list":{"0":"post-266","1":"product","2":"type-product","3":"status-publish","4":"has-post-thumbnail","7":"first","8":"instock","9":"taxable","10":"shipping-taxable","11":"purchasable","12":"product-type-simple"},"_links":{"self":[{"href":"https:\/\/actionmall.act.at\/shop\/2912\/wp-json\/wp\/v2\/product\/266"}],"collection":[{"href":"https:\/\/actionmall.act.at\/shop\/2912\/wp-json\/wp\/v2\/product"}],"about":[{"href":"https:\/\/actionmall.act.at\/shop\/2912\/wp-json\/wp\/v2\/types\/product"}],"wp:featuredmedia":[{"embeddable":true,"href":"https:\/\/actionmall.act.at\/shop\/2912\/wp-json\/wp\/v2\/media\/287"}],"wp:attachment":[{"href":"https:\/\/actionmall.act.at\/shop\/2912\/wp-json\/wp\/v2\/media?parent=266"}],"wp:term":[{"taxonomy":"product_cat","embeddable":true,"href":"https:\/\/actionmall.act.at\/shop\/2912\/wp-json\/wp\/v2\/product_cat?post=266"},{"taxonomy":"product_tag","embeddable":true,"href":"https:\/\/actionmall.act.at\/shop\/2912\/wp-json\/wp\/v2\/product_tag?post=266"}],"curies":[{"name":"wp","href":"https:\/\/api.w.org\/{rel}","templated":true}]}}