{"id":267,"date":"2024-11-14T15:45:35","date_gmt":"2024-11-14T14:45:35","guid":{"rendered":"https:\/\/actionmall.act.at\/shop\/2912\/?post_type=product&#038;p=267"},"modified":"2024-12-19T14:40:43","modified_gmt":"2024-12-19T13:40:43","slug":"clean-microfiber-cloth","status":"publish","type":"product","link":"https:\/\/actionmall.act.at\/shop\/2912\/produkt\/clean-microfiber-cloth\/","title":{"rendered":"CleaN-Microfiber Cloth"},"content":{"rendered":"<p>Menge: 1<\/p>\n<p>Wisch und weg!<\/p>\n<p>Hohe Saugf\u00e4higkeit f\u00fcr die Aufnahme von Fl\u00fcssigkeiten und das Trocknen von Oberfl\u00e4chen.<\/p>\n<p>Langlebig strapazierf\u00e4hig, robust, waschbar und wiederverwendbar.<\/p>\n<p>Einsetzbar f\u00fcr die Reinigung von Oberfl\u00e4chen in K\u00fcche, Bad und Haushalt.<\/p>\n","protected":false},"excerpt":{"rendered":"<p>Menge: 1 Wisch und weg! Hohe Saugf\u00e4higkeit f\u00fcr die Aufnahme von Fl\u00fcssigkeiten und das Trocknen von Oberfl\u00e4chen. Langlebig strapazierf\u00e4hig, robust, waschbar und wiederverwendbar. Einsetzbar f\u00fcr die Reinigung von Oberfl\u00e4chen in K\u00fcche, Bad und Haushalt.<\/p>\n","protected":false},"featured_media":288,"template":"","meta":[],"product_cat":[],"product_tag":[],"class_list":{"0":"post-267","1":"product","2":"type-product","3":"status-publish","4":"has-post-thumbnail","7":"first","8":"instock","9":"taxable","10":"shipping-taxable","11":"purchasable","12":"product-type-simple"},"_links":{"self":[{"href":"https:\/\/actionmall.act.at\/shop\/2912\/wp-json\/wp\/v2\/product\/267"}],"collection":[{"href":"https:\/\/actionmall.act.at\/shop\/2912\/wp-json\/wp\/v2\/product"}],"about":[{"href":"https:\/\/actionmall.act.at\/shop\/2912\/wp-json\/wp\/v2\/types\/product"}],"wp:featuredmedia":[{"embeddable":true,"href":"https:\/\/actionmall.act.at\/shop\/2912\/wp-json\/wp\/v2\/media\/288"}],"wp:attachment":[{"href":"https:\/\/actionmall.act.at\/shop\/2912\/wp-json\/wp\/v2\/media?parent=267"}],"wp:term":[{"taxonomy":"product_cat","embeddable":true,"href":"https:\/\/actionmall.act.at\/shop\/2912\/wp-json\/wp\/v2\/product_cat?post=267"},{"taxonomy":"product_tag","embeddable":true,"href":"https:\/\/actionmall.act.at\/shop\/2912\/wp-json\/wp\/v2\/product_tag?post=267"}],"curies":[{"name":"wp","href":"https:\/\/api.w.org\/{rel}","templated":true}]}}