{"id":268,"date":"2024-11-14T15:48:00","date_gmt":"2024-11-14T14:48:00","guid":{"rendered":"https:\/\/actionmall.act.at\/shop\/2912\/?post_type=product&#038;p=268"},"modified":"2024-12-19T14:41:21","modified_gmt":"2024-12-19T13:41:21","slug":"clean-gloves","status":"publish","type":"product","link":"https:\/\/actionmall.act.at\/shop\/2912\/produkt\/clean-gloves\/","title":{"rendered":"CleaN-Gloves"},"content":{"rendered":"<p>Menge: 1<\/p>\n<p>Ekelfrei mit Schutz dabei!<\/p>\n<p>Halten allm\u00f6glichen Putzmittelbelastungen stand.<\/p>\n<p>Sie sind robust und strapazierf\u00e4hig.<\/p>\n<p>Ideal f\u00fcr die Verwendung mit Reinigungsmitteln, beim Abwasch oder anderen Haushaltsaufgaben.<\/p>\n<p>Latex aus nachhaltig gewonnenem Kautschuk, mit Innenfutter f\u00fcr mehr Komfort.<\/p>\n<p>ein Paar pro Packung<\/p>\n","protected":false},"excerpt":{"rendered":"<p>Menge: 1 Ekelfrei mit Schutz dabei! Halten allm\u00f6glichen Putzmittelbelastungen stand. Sie sind robust und strapazierf\u00e4hig. Ideal f\u00fcr die Verwendung mit Reinigungsmitteln, beim Abwasch oder anderen Haushaltsaufgaben. Latex aus nachhaltig gewonnenem Kautschuk, mit Innenfutter f\u00fcr mehr Komfort. ein Paar pro Packung<\/p>\n","protected":false},"featured_media":289,"template":"","meta":[],"product_cat":[],"product_tag":[],"class_list":{"0":"post-268","1":"product","2":"type-product","3":"status-publish","4":"has-post-thumbnail","7":"first","8":"instock","9":"taxable","10":"shipping-taxable","11":"purchasable","12":"product-type-simple"},"_links":{"self":[{"href":"https:\/\/actionmall.act.at\/shop\/2912\/wp-json\/wp\/v2\/product\/268"}],"collection":[{"href":"https:\/\/actionmall.act.at\/shop\/2912\/wp-json\/wp\/v2\/product"}],"about":[{"href":"https:\/\/actionmall.act.at\/shop\/2912\/wp-json\/wp\/v2\/types\/product"}],"wp:featuredmedia":[{"embeddable":true,"href":"https:\/\/actionmall.act.at\/shop\/2912\/wp-json\/wp\/v2\/media\/289"}],"wp:attachment":[{"href":"https:\/\/actionmall.act.at\/shop\/2912\/wp-json\/wp\/v2\/media?parent=268"}],"wp:term":[{"taxonomy":"product_cat","embeddable":true,"href":"https:\/\/actionmall.act.at\/shop\/2912\/wp-json\/wp\/v2\/product_cat?post=268"},{"taxonomy":"product_tag","embeddable":true,"href":"https:\/\/actionmall.act.at\/shop\/2912\/wp-json\/wp\/v2\/product_tag?post=268"}],"curies":[{"name":"wp","href":"https:\/\/api.w.org\/{rel}","templated":true}]}}