{"id":271,"date":"2024-11-14T16:01:55","date_gmt":"2024-11-14T15:01:55","guid":{"rendered":"https:\/\/actionmall.act.at\/shop\/2912\/?post_type=product&#038;p=271"},"modified":"2024-12-19T14:41:00","modified_gmt":"2024-12-19T13:41:00","slug":"clean-cotton-gloves","status":"publish","type":"product","link":"https:\/\/actionmall.act.at\/shop\/2912\/produkt\/clean-cotton-gloves\/","title":{"rendered":"CleaN-Cotton Gloves"},"content":{"rendered":"<p>Menge: 1<\/p>\n<p>So machen Sie sich Ihre H\u00e4nde garantiert nicht schmutzig. Auch f\u00fcr zwei linke H\u00e4nde geeignet!<\/p>\n<p>Besonders geeignet f\u00fcr Allergiker und Menschen mit empfindlicher Haut.<\/p>\n<p>Die Atmungsaktivit\u00e4t sorgt f\u00fcr Tragekomfort.<\/p>\n<p>Ideal f\u00fcr verschiedenen Reinigungs- und Pflegeaufgaben.<\/p>\n<p>ein Paar pro Packung<\/p>\n","protected":false},"excerpt":{"rendered":"<p>Menge: 1 So machen Sie sich Ihre H\u00e4nde garantiert nicht schmutzig. Auch f\u00fcr zwei linke H\u00e4nde geeignet! Besonders geeignet f\u00fcr Allergiker und Menschen mit empfindlicher Haut. Die Atmungsaktivit\u00e4t sorgt f\u00fcr Tragekomfort. Ideal f\u00fcr verschiedenen Reinigungs- und Pflegeaufgaben. ein Paar pro Packung<\/p>\n","protected":false},"featured_media":273,"template":"","meta":[],"product_cat":[],"product_tag":[],"class_list":{"0":"post-271","1":"product","2":"type-product","3":"status-publish","4":"has-post-thumbnail","7":"first","8":"instock","9":"taxable","10":"shipping-taxable","11":"purchasable","12":"product-type-simple"},"_links":{"self":[{"href":"https:\/\/actionmall.act.at\/shop\/2912\/wp-json\/wp\/v2\/product\/271"}],"collection":[{"href":"https:\/\/actionmall.act.at\/shop\/2912\/wp-json\/wp\/v2\/product"}],"about":[{"href":"https:\/\/actionmall.act.at\/shop\/2912\/wp-json\/wp\/v2\/types\/product"}],"wp:featuredmedia":[{"embeddable":true,"href":"https:\/\/actionmall.act.at\/shop\/2912\/wp-json\/wp\/v2\/media\/273"}],"wp:attachment":[{"href":"https:\/\/actionmall.act.at\/shop\/2912\/wp-json\/wp\/v2\/media?parent=271"}],"wp:term":[{"taxonomy":"product_cat","embeddable":true,"href":"https:\/\/actionmall.act.at\/shop\/2912\/wp-json\/wp\/v2\/product_cat?post=271"},{"taxonomy":"product_tag","embeddable":true,"href":"https:\/\/actionmall.act.at\/shop\/2912\/wp-json\/wp\/v2\/product_tag?post=271"}],"curies":[{"name":"wp","href":"https:\/\/api.w.org\/{rel}","templated":true}]}}