{"id":261,"date":"2025-10-23T12:05:43","date_gmt":"2025-10-23T10:05:43","guid":{"rendered":"https:\/\/actionmall.act.at\/shop\/295\/?post_type=product&#038;p=261"},"modified":"2026-02-26T11:58:46","modified_gmt":"2026-02-26T10:58:46","slug":"sims-4","status":"publish","type":"product","link":"https:\/\/actionmall.act.at\/shop\/295\/en\/produkt\/sims-4\/","title":{"rendered":"Sims 4"},"content":{"rendered":"<p>Die Sims 4\u201c ist ein Lebenssimulationsspiel, das den Spielern die Freiheit gibt, virtuelle Charaktere, die sogenannten Sims, zu erstellen und deren Leben zu steuern. Die Spieler k\u00f6nnen ihre Sims individuell gestalten, von ihrem Aussehen bis zu ihren Pers\u00f6nlichkeiten und Lebenszielen. In einer offenen Welt k\u00f6nnen die Sims Beziehungen aufbauen, Karrieren verfolgen und verschiedene Aktivit\u00e4ten aus\u00fcben, wie Gartenarbeit, Kochen und Reisen. Das Spiel bietet eine Vielzahl von Erweiterungen, die neue Inhalte, wie neue Orte, Berufe und Interaktionen, hinzuf\u00fcgen. Mit einem starken Fokus auf Kreativit\u00e4t und Erz\u00e4hlung bleibt \u201eDie Sims 4\u201c ein beliebter Favorit unter Fans von Lebenssimulationen.<\/p>\n","protected":false},"excerpt":{"rendered":"<p>Die Sims 4\u201c ist ein Lebenssimulationsspiel, das den Spielern die Freiheit gibt, virtuelle Charaktere, die sogenannten Sims, zu erstellen und deren Leben zu steuern. Die Spieler k\u00f6nnen ihre Sims individuell gestalten, von ihrem Aussehen bis zu ihren Pers\u00f6nlichkeiten und Lebenszielen. In einer offenen Welt k\u00f6nnen die Sims Beziehungen aufbauen, Karrieren verfolgen und verschiedene Aktivit\u00e4ten aus\u00fcben, [&hellip;]<\/p>\n","protected":false},"featured_media":263,"template":"","meta":[],"product_cat":[34],"product_tag":[],"class_list":{"0":"post-261","1":"product","2":"type-product","3":"status-publish","4":"has-post-thumbnail","6":"product_cat-autos-und-fahrzeuge","8":"first","9":"instock","10":"taxable","11":"shipping-taxable","12":"purchasable","13":"product-type-simple"},"_links":{"self":[{"href":"https:\/\/actionmall.act.at\/shop\/295\/en\/wp-json\/wp\/v2\/product\/261"}],"collection":[{"href":"https:\/\/actionmall.act.at\/shop\/295\/en\/wp-json\/wp\/v2\/product"}],"about":[{"href":"https:\/\/actionmall.act.at\/shop\/295\/en\/wp-json\/wp\/v2\/types\/product"}],"wp:featuredmedia":[{"embeddable":true,"href":"https:\/\/actionmall.act.at\/shop\/295\/en\/wp-json\/wp\/v2\/media\/263"}],"wp:attachment":[{"href":"https:\/\/actionmall.act.at\/shop\/295\/en\/wp-json\/wp\/v2\/media?parent=261"}],"wp:term":[{"taxonomy":"product_cat","embeddable":true,"href":"https:\/\/actionmall.act.at\/shop\/295\/en\/wp-json\/wp\/v2\/product_cat?post=261"},{"taxonomy":"product_tag","embeddable":true,"href":"https:\/\/actionmall.act.at\/shop\/295\/en\/wp-json\/wp\/v2\/product_tag?post=261"}],"curies":[{"name":"wp","href":"https:\/\/api.w.org\/{rel}","templated":true}]}}