{"id":275,"date":"2025-10-23T12:18:53","date_gmt":"2025-10-23T10:18:53","guid":{"rendered":"https:\/\/actionmall.act.at\/shop\/295\/?post_type=product&#038;p=275"},"modified":"2025-10-23T12:18:53","modified_gmt":"2025-10-23T10:18:53","slug":"bmd-fibu-basispaket-mit-op-und-mahnwesen-1-user","status":"publish","type":"product","link":"https:\/\/actionmall.act.at\/shop\/295\/en\/produkt\/bmd-fibu-basispaket-mit-op-und-mahnwesen-1-user\/","title":{"rendered":"BMD: FIBU Basispaket mit OP und Mahnwesen &#8211; 1 User"},"content":{"rendered":"<p>BMD FIBU ist eine umfassende Buchhaltungssoftware, die Unternehmen bei der effizienten Finanzverwaltung unterst\u00fctzt. Sie erm\u00f6glicht die automatisierte Belegerfassung und einfache Kontierung von Einnahmen und Ausgaben. Die Software bietet zudem umfassende Reporting-Funktionen, einschlie\u00dflich Bilanzen und Gewinn- und Verlustrechnungen. Dank ihrer Benutzerfreundlichkeit ist sie auch f\u00fcr Nicht-Fachleute leicht bedienbar. Mit Cloud-Funktionalit\u00e4ten haben Nutzer jederzeit und \u00fcberall Zugriff auf ihre Daten.<\/p>\n","protected":false},"excerpt":{"rendered":"<p>BMD FIBU ist eine umfassende Buchhaltungssoftware, die Unternehmen bei der effizienten Finanzverwaltung unterst\u00fctzt. Sie erm\u00f6glicht die automatisierte Belegerfassung und einfache Kontierung von Einnahmen und Ausgaben. Die Software bietet zudem umfassende Reporting-Funktionen, einschlie\u00dflich Bilanzen und Gewinn- und Verlustrechnungen. Dank ihrer Benutzerfreundlichkeit ist sie auch f\u00fcr Nicht-Fachleute leicht bedienbar. Mit Cloud-Funktionalit\u00e4ten haben Nutzer jederzeit und \u00fcberall Zugriff [&hellip;]<\/p>\n","protected":false},"featured_media":277,"template":"","meta":[],"product_cat":[],"product_tag":[],"class_list":{"0":"post-275","1":"product","2":"type-product","3":"status-publish","4":"has-post-thumbnail","7":"first","8":"instock","9":"taxable","10":"shipping-taxable","11":"purchasable","12":"product-type-simple"},"_links":{"self":[{"href":"https:\/\/actionmall.act.at\/shop\/295\/en\/wp-json\/wp\/v2\/product\/275"}],"collection":[{"href":"https:\/\/actionmall.act.at\/shop\/295\/en\/wp-json\/wp\/v2\/product"}],"about":[{"href":"https:\/\/actionmall.act.at\/shop\/295\/en\/wp-json\/wp\/v2\/types\/product"}],"wp:featuredmedia":[{"embeddable":true,"href":"https:\/\/actionmall.act.at\/shop\/295\/en\/wp-json\/wp\/v2\/media\/277"}],"wp:attachment":[{"href":"https:\/\/actionmall.act.at\/shop\/295\/en\/wp-json\/wp\/v2\/media?parent=275"}],"wp:term":[{"taxonomy":"product_cat","embeddable":true,"href":"https:\/\/actionmall.act.at\/shop\/295\/en\/wp-json\/wp\/v2\/product_cat?post=275"},{"taxonomy":"product_tag","embeddable":true,"href":"https:\/\/actionmall.act.at\/shop\/295\/en\/wp-json\/wp\/v2\/product_tag?post=275"}],"curies":[{"name":"wp","href":"https:\/\/api.w.org\/{rel}","templated":true}]}}