{"id":280,"date":"2025-10-23T12:20:54","date_gmt":"2025-10-23T10:20:54","guid":{"rendered":"https:\/\/actionmall.act.at\/shop\/295\/?post_type=product&#038;p=280"},"modified":"2025-10-23T12:20:54","modified_gmt":"2025-10-23T10:20:54","slug":"bmd-fibu-je-ein-weiterer-user","status":"publish","type":"product","link":"https:\/\/actionmall.act.at\/shop\/295\/en\/produkt\/bmd-fibu-je-ein-weiterer-user\/","title":{"rendered":"BMD: FIBU je ein weiterer User"},"content":{"rendered":"<p>BMD FIBU ist eine umfassende Buchhaltungssoftware, die Unternehmen bei der effizienten Verwaltung ihrer Finanzprozesse unterst\u00fctzt. Sie bietet eine benutzerfreundliche Oberfl\u00e4che f\u00fcr die einfache Eingabe und Bearbeitung von Buchungen. Integrierte Reporting-Tools erm\u00f6glichen detaillierte Auswertungen und Einblicke in die finanzielle Situation. Die Software l\u00e4sst sich nahtlos mit anderen BMD-Modulen integrieren, was einen reibungslosen Datenaustausch gew\u00e4hrleistet. Regelm\u00e4\u00dfige Updates halten die Software stets konform mit aktuellen gesetzlichen Anforderungen.<\/p>\n","protected":false},"excerpt":{"rendered":"<p>BMD FIBU ist eine umfassende Buchhaltungssoftware, die Unternehmen bei der effizienten Verwaltung ihrer Finanzprozesse unterst\u00fctzt. Sie bietet eine benutzerfreundliche Oberfl\u00e4che f\u00fcr die einfache Eingabe und Bearbeitung von Buchungen. Integrierte Reporting-Tools erm\u00f6glichen detaillierte Auswertungen und Einblicke in die finanzielle Situation. Die Software l\u00e4sst sich nahtlos mit anderen BMD-Modulen integrieren, was einen reibungslosen Datenaustausch gew\u00e4hrleistet. Regelm\u00e4\u00dfige Updates [&hellip;]<\/p>\n","protected":false},"featured_media":277,"template":"","meta":[],"product_cat":[],"product_tag":[],"class_list":{"0":"post-280","1":"product","2":"type-product","3":"status-publish","4":"has-post-thumbnail","7":"first","8":"instock","9":"taxable","10":"shipping-taxable","11":"purchasable","12":"product-type-simple"},"_links":{"self":[{"href":"https:\/\/actionmall.act.at\/shop\/295\/en\/wp-json\/wp\/v2\/product\/280"}],"collection":[{"href":"https:\/\/actionmall.act.at\/shop\/295\/en\/wp-json\/wp\/v2\/product"}],"about":[{"href":"https:\/\/actionmall.act.at\/shop\/295\/en\/wp-json\/wp\/v2\/types\/product"}],"wp:featuredmedia":[{"embeddable":true,"href":"https:\/\/actionmall.act.at\/shop\/295\/en\/wp-json\/wp\/v2\/media\/277"}],"wp:attachment":[{"href":"https:\/\/actionmall.act.at\/shop\/295\/en\/wp-json\/wp\/v2\/media?parent=280"}],"wp:term":[{"taxonomy":"product_cat","embeddable":true,"href":"https:\/\/actionmall.act.at\/shop\/295\/en\/wp-json\/wp\/v2\/product_cat?post=280"},{"taxonomy":"product_tag","embeddable":true,"href":"https:\/\/actionmall.act.at\/shop\/295\/en\/wp-json\/wp\/v2\/product_tag?post=280"}],"curies":[{"name":"wp","href":"https:\/\/api.w.org\/{rel}","templated":true}]}}