{"id":281,"date":"2025-10-23T12:22:48","date_gmt":"2025-10-23T10:22:48","guid":{"rendered":"https:\/\/actionmall.act.at\/shop\/295\/?post_type=product&#038;p=281"},"modified":"2025-10-23T12:22:48","modified_gmt":"2025-10-23T10:22:48","slug":"seminarpaket-mitarbeitergespraeche","status":"publish","type":"product","link":"https:\/\/actionmall.act.at\/shop\/295\/en\/produkt\/seminarpaket-mitarbeitergespraeche\/","title":{"rendered":"Seminarpaket Mitarbeitergespr\u00e4che"},"content":{"rendered":"<p>Das Seminarpaket Mitarbeitergespr\u00e4che vermittelt F\u00fchrungskr\u00e4ften die notwendigen F\u00e4higkeiten, um effektive und konstruktive Gespr\u00e4che mit Mitarbeitern zu f\u00fchren. Teilnehmer lernen, wie sie Feedback richtig geben und empfangen sowie Ziele klar kommunizieren k\u00f6nnen. Durch praxisnahe \u00dcbungen werden Techniken zur Gespr\u00e4chsf\u00fchrung und Konfliktl\u00f6sung erprobt. Besondere Aufmerksamkeit gilt der F\u00f6rderung einer offenen und vertrauensvollen Kommunikation im Team. Mit individuellen Feedbacks und Fallbeispielen wird das Gelernte nachhaltig verankert und direkt in die Praxis umgesetzt.<\/p>\n","protected":false},"excerpt":{"rendered":"<p>Das Seminarpaket Mitarbeitergespr\u00e4che vermittelt F\u00fchrungskr\u00e4ften die notwendigen F\u00e4higkeiten, um effektive und konstruktive Gespr\u00e4che mit Mitarbeitern zu f\u00fchren. Teilnehmer lernen, wie sie Feedback richtig geben und empfangen sowie Ziele klar kommunizieren k\u00f6nnen. Durch praxisnahe \u00dcbungen werden Techniken zur Gespr\u00e4chsf\u00fchrung und Konfliktl\u00f6sung erprobt. Besondere Aufmerksamkeit gilt der F\u00f6rderung einer offenen und vertrauensvollen Kommunikation im Team. Mit individuellen [&hellip;]<\/p>\n","protected":false},"featured_media":283,"template":"","meta":[],"product_cat":[],"product_tag":[],"class_list":{"0":"post-281","1":"product","2":"type-product","3":"status-publish","4":"has-post-thumbnail","7":"first","8":"instock","9":"taxable","10":"shipping-taxable","11":"purchasable","12":"product-type-simple"},"_links":{"self":[{"href":"https:\/\/actionmall.act.at\/shop\/295\/en\/wp-json\/wp\/v2\/product\/281"}],"collection":[{"href":"https:\/\/actionmall.act.at\/shop\/295\/en\/wp-json\/wp\/v2\/product"}],"about":[{"href":"https:\/\/actionmall.act.at\/shop\/295\/en\/wp-json\/wp\/v2\/types\/product"}],"wp:featuredmedia":[{"embeddable":true,"href":"https:\/\/actionmall.act.at\/shop\/295\/en\/wp-json\/wp\/v2\/media\/283"}],"wp:attachment":[{"href":"https:\/\/actionmall.act.at\/shop\/295\/en\/wp-json\/wp\/v2\/media?parent=281"}],"wp:term":[{"taxonomy":"product_cat","embeddable":true,"href":"https:\/\/actionmall.act.at\/shop\/295\/en\/wp-json\/wp\/v2\/product_cat?post=281"},{"taxonomy":"product_tag","embeddable":true,"href":"https:\/\/actionmall.act.at\/shop\/295\/en\/wp-json\/wp\/v2\/product_tag?post=281"}],"curies":[{"name":"wp","href":"https:\/\/api.w.org\/{rel}","templated":true}]}}