{"id":285,"date":"2025-10-23T12:23:55","date_gmt":"2025-10-23T10:23:55","guid":{"rendered":"https:\/\/actionmall.act.at\/shop\/295\/?post_type=product&#038;p=285"},"modified":"2025-10-23T12:23:55","modified_gmt":"2025-10-23T10:23:55","slug":"bmd-lager-je-ein-weiterer-user","status":"publish","type":"product","link":"https:\/\/actionmall.act.at\/shop\/295\/en\/produkt\/bmd-lager-je-ein-weiterer-user\/","title":{"rendered":"BMD: LAGER je ein weiterer User"},"content":{"rendered":"<p>Das BMD Lager bietet eine moderne und effiziente L\u00f6sung f\u00fcr Lagerhaltung und Logistik. Durch innovative Regalsysteme wird der verf\u00fcgbare Raum optimal genutzt. Automatisierte Prozesse sorgen f\u00fcr schnelle Abl\u00e4ufe und reduzieren Fehlerquellen. Sicherheit und Kundenzufriedenheit stehen dabei stets im Vordergrund. Zudem setzt BMD auf nachhaltige Praktiken, um umweltfreundlich zu wirtschaften.<\/p>\n","protected":false},"excerpt":{"rendered":"<p>Das BMD Lager bietet eine moderne und effiziente L\u00f6sung f\u00fcr Lagerhaltung und Logistik. Durch innovative Regalsysteme wird der verf\u00fcgbare Raum optimal genutzt. Automatisierte Prozesse sorgen f\u00fcr schnelle Abl\u00e4ufe und reduzieren Fehlerquellen. Sicherheit und Kundenzufriedenheit stehen dabei stets im Vordergrund. Zudem setzt BMD auf nachhaltige Praktiken, um umweltfreundlich zu wirtschaften.<\/p>\n","protected":false},"featured_media":284,"template":"","meta":[],"product_cat":[],"product_tag":[],"class_list":{"0":"post-285","1":"product","2":"type-product","3":"status-publish","4":"has-post-thumbnail","7":"first","8":"instock","9":"taxable","10":"shipping-taxable","11":"purchasable","12":"product-type-simple"},"_links":{"self":[{"href":"https:\/\/actionmall.act.at\/shop\/295\/en\/wp-json\/wp\/v2\/product\/285"}],"collection":[{"href":"https:\/\/actionmall.act.at\/shop\/295\/en\/wp-json\/wp\/v2\/product"}],"about":[{"href":"https:\/\/actionmall.act.at\/shop\/295\/en\/wp-json\/wp\/v2\/types\/product"}],"wp:featuredmedia":[{"embeddable":true,"href":"https:\/\/actionmall.act.at\/shop\/295\/en\/wp-json\/wp\/v2\/media\/284"}],"wp:attachment":[{"href":"https:\/\/actionmall.act.at\/shop\/295\/en\/wp-json\/wp\/v2\/media?parent=285"}],"wp:term":[{"taxonomy":"product_cat","embeddable":true,"href":"https:\/\/actionmall.act.at\/shop\/295\/en\/wp-json\/wp\/v2\/product_cat?post=285"},{"taxonomy":"product_tag","embeddable":true,"href":"https:\/\/actionmall.act.at\/shop\/295\/en\/wp-json\/wp\/v2\/product_tag?post=285"}],"curies":[{"name":"wp","href":"https:\/\/api.w.org\/{rel}","templated":true}]}}