{"id":288,"date":"2025-10-23T12:25:17","date_gmt":"2025-10-23T10:25:17","guid":{"rendered":"https:\/\/actionmall.act.at\/shop\/295\/?post_type=product&#038;p=288"},"modified":"2025-10-23T12:28:24","modified_gmt":"2025-10-23T10:28:24","slug":"bmd-lohn-basispaket-bis-10-dienstnehmer","status":"publish","type":"product","link":"https:\/\/actionmall.act.at\/shop\/295\/en\/produkt\/bmd-lohn-basispaket-bis-10-dienstnehmer\/","title":{"rendered":"BMD: LOHN Basispaket bis 10 Dienstnehmer"},"content":{"rendered":"<p>Mit dem Basispaket der BMD Lohnverrechnung <strong>verwalten<\/strong> Sie <strong>komfortabel <\/strong>alle mit dem Lohn verbundenen <strong>Stammdaten. <\/strong>Sie <strong>rechnen <\/strong>unterschiedliche Dienstnehmergruppen effizient, individuell und bequem ab. Zahlreiche Auswertungsprogramme verschaffen Ihnen den <strong>\u00dcberblick \u00fcber monatliche und j\u00e4hrliche Auswertungen<\/strong><\/p>\n<p>&nbsp;<\/p>\n","protected":false},"excerpt":{"rendered":"<p>Mit dem Basispaket der BMD Lohnverrechnung verwalten Sie komfortabel alle mit dem Lohn verbundenen Stammdaten. Sie rechnen unterschiedliche Dienstnehmergruppen effizient, individuell und bequem ab. Zahlreiche Auswertungsprogramme verschaffen Ihnen den \u00dcberblick \u00fcber monatliche und j\u00e4hrliche Auswertungen &nbsp;<\/p>\n","protected":false},"featured_media":290,"template":"","meta":[],"product_cat":[],"product_tag":[],"class_list":{"0":"post-288","1":"product","2":"type-product","3":"status-publish","4":"has-post-thumbnail","7":"first","8":"instock","9":"taxable","10":"shipping-taxable","11":"purchasable","12":"product-type-simple"},"_links":{"self":[{"href":"https:\/\/actionmall.act.at\/shop\/295\/en\/wp-json\/wp\/v2\/product\/288"}],"collection":[{"href":"https:\/\/actionmall.act.at\/shop\/295\/en\/wp-json\/wp\/v2\/product"}],"about":[{"href":"https:\/\/actionmall.act.at\/shop\/295\/en\/wp-json\/wp\/v2\/types\/product"}],"wp:featuredmedia":[{"embeddable":true,"href":"https:\/\/actionmall.act.at\/shop\/295\/en\/wp-json\/wp\/v2\/media\/290"}],"wp:attachment":[{"href":"https:\/\/actionmall.act.at\/shop\/295\/en\/wp-json\/wp\/v2\/media?parent=288"}],"wp:term":[{"taxonomy":"product_cat","embeddable":true,"href":"https:\/\/actionmall.act.at\/shop\/295\/en\/wp-json\/wp\/v2\/product_cat?post=288"},{"taxonomy":"product_tag","embeddable":true,"href":"https:\/\/actionmall.act.at\/shop\/295\/en\/wp-json\/wp\/v2\/product_tag?post=288"}],"curies":[{"name":"wp","href":"https:\/\/api.w.org\/{rel}","templated":true}]}}