{"id":310,"date":"2025-10-23T13:28:13","date_gmt":"2025-10-23T11:28:13","guid":{"rendered":"https:\/\/actionmall.act.at\/shop\/295\/?post_type=product&#038;p=310"},"modified":"2026-02-26T11:54:26","modified_gmt":"2026-02-26T10:54:26","slug":"herr-der-ringe-extended-edition-trilogie-blue-ray","status":"publish","type":"product","link":"https:\/\/actionmall.act.at\/shop\/295\/en\/produkt\/herr-der-ringe-extended-edition-trilogie-blue-ray\/","title":{"rendered":"Herr der Ringe- Extended Edition Trilogie &#8211; Blue Ray"},"content":{"rendered":"<p>Die \u201eHerr der Ringe: Extended Edition Trilogie\u201c ist eine epische Filmreihe, die auf den gleichnamigen Romanen von J.R.R. Tolkien basiert. Sie erz\u00e4hlt die Geschichte von Frodo Beutlin, der den Einen Ring zerst\u00f6ren muss, um die dunklen M\u00e4chte von Sauron zu besiegen. Die Extended Editions bieten zus\u00e4tzliche Szenen und erweitern die Charakterentwicklung sowie die Handlung, was das Eintauchen in die Welt von Mittelerde vertieft. Visuell beeindruckend und mit einer herausragenden Besetzung ausgestattet, sind die Filme f\u00fcr ihre atemberaubenden Landschaften und epischen Schlachten bekannt. Diese Trilogie hat nicht nur das Fantasy-Genre gepr\u00e4gt, sondern auch Millionen von Fans auf der ganzen Welt begeistert.<\/p>\n","protected":false},"excerpt":{"rendered":"<p>Die \u201eHerr der Ringe: Extended Edition Trilogie\u201c ist eine epische Filmreihe, die auf den gleichnamigen Romanen von J.R.R. Tolkien basiert. Sie erz\u00e4hlt die Geschichte von Frodo Beutlin, der den Einen Ring zerst\u00f6ren muss, um die dunklen M\u00e4chte von Sauron zu besiegen. Die Extended Editions bieten zus\u00e4tzliche Szenen und erweitern die Charakterentwicklung sowie die Handlung, was [&hellip;]<\/p>\n","protected":false},"featured_media":312,"template":"","meta":[],"product_cat":[34],"product_tag":[],"class_list":{"0":"post-310","1":"product","2":"type-product","3":"status-publish","4":"has-post-thumbnail","6":"product_cat-autos-und-fahrzeuge","8":"first","9":"instock","10":"taxable","11":"shipping-taxable","12":"purchasable","13":"product-type-simple"},"_links":{"self":[{"href":"https:\/\/actionmall.act.at\/shop\/295\/en\/wp-json\/wp\/v2\/product\/310"}],"collection":[{"href":"https:\/\/actionmall.act.at\/shop\/295\/en\/wp-json\/wp\/v2\/product"}],"about":[{"href":"https:\/\/actionmall.act.at\/shop\/295\/en\/wp-json\/wp\/v2\/types\/product"}],"wp:featuredmedia":[{"embeddable":true,"href":"https:\/\/actionmall.act.at\/shop\/295\/en\/wp-json\/wp\/v2\/media\/312"}],"wp:attachment":[{"href":"https:\/\/actionmall.act.at\/shop\/295\/en\/wp-json\/wp\/v2\/media?parent=310"}],"wp:term":[{"taxonomy":"product_cat","embeddable":true,"href":"https:\/\/actionmall.act.at\/shop\/295\/en\/wp-json\/wp\/v2\/product_cat?post=310"},{"taxonomy":"product_tag","embeddable":true,"href":"https:\/\/actionmall.act.at\/shop\/295\/en\/wp-json\/wp\/v2\/product_tag?post=310"}],"curies":[{"name":"wp","href":"https:\/\/api.w.org\/{rel}","templated":true}]}}