{"id":338,"date":"2026-01-15T12:00:41","date_gmt":"2026-01-15T11:00:41","guid":{"rendered":"https:\/\/actionmall.act.at\/shop\/295\/?post_type=product&#038;p=338"},"modified":"2026-01-15T12:00:41","modified_gmt":"2026-01-15T11:00:41","slug":"interaktive-sprachreise-kommunikationstrainer-englisch-2","status":"publish","type":"product","link":"https:\/\/actionmall.act.at\/shop\/295\/en\/produkt\/interaktive-sprachreise-kommunikationstrainer-englisch-2\/","title":{"rendered":"Interaktive Sprachreise: Kommunikationstrainer &#8211; Englisch"},"content":{"rendered":"<p>Entdecken Sie die interaktive Sprachreise mit unserem Kommunikationstrainer f\u00fcr Englisch! Dieses innovative Programm kombiniert moderne Lernmethoden mit praktischen \u00dcbungen, um Ihre Sprachf\u00e4higkeiten effektiv zu verbessern. Durch authentische Dialoge und Rollenspiele erleben Sie den echten Umgang mit der englischen Sprache. Egal, ob f\u00fcr den Beruf oder pers\u00f6nliche Weiterentwicklung \u2013 unser Trainer passt sich Ihren individuellen Bed\u00fcrfnissen an. Tauchen Sie ein in eine spannende Lernwelt und sprechen Sie bald flie\u00dfend Englisch!<\/p>\n","protected":false},"excerpt":{"rendered":"<p>Entdecken Sie die interaktive Sprachreise mit unserem Kommunikationstrainer f\u00fcr Englisch! Dieses innovative Programm kombiniert moderne Lernmethoden mit praktischen \u00dcbungen, um Ihre Sprachf\u00e4higkeiten effektiv zu verbessern. Durch authentische Dialoge und Rollenspiele erleben Sie den echten Umgang mit der englischen Sprache. Egal, ob f\u00fcr den Beruf oder pers\u00f6nliche Weiterentwicklung \u2013 unser Trainer passt sich Ihren individuellen Bed\u00fcrfnissen [&hellip;]<\/p>\n","protected":false},"featured_media":339,"template":"","meta":[],"product_cat":[],"product_tag":[],"class_list":{"0":"post-338","1":"product","2":"type-product","3":"status-publish","4":"has-post-thumbnail","7":"first","8":"instock","9":"taxable","10":"shipping-taxable","11":"purchasable","12":"product-type-simple"},"_links":{"self":[{"href":"https:\/\/actionmall.act.at\/shop\/295\/en\/wp-json\/wp\/v2\/product\/338"}],"collection":[{"href":"https:\/\/actionmall.act.at\/shop\/295\/en\/wp-json\/wp\/v2\/product"}],"about":[{"href":"https:\/\/actionmall.act.at\/shop\/295\/en\/wp-json\/wp\/v2\/types\/product"}],"wp:featuredmedia":[{"embeddable":true,"href":"https:\/\/actionmall.act.at\/shop\/295\/en\/wp-json\/wp\/v2\/media\/339"}],"wp:attachment":[{"href":"https:\/\/actionmall.act.at\/shop\/295\/en\/wp-json\/wp\/v2\/media?parent=338"}],"wp:term":[{"taxonomy":"product_cat","embeddable":true,"href":"https:\/\/actionmall.act.at\/shop\/295\/en\/wp-json\/wp\/v2\/product_cat?post=338"},{"taxonomy":"product_tag","embeddable":true,"href":"https:\/\/actionmall.act.at\/shop\/295\/en\/wp-json\/wp\/v2\/product_tag?post=338"}],"curies":[{"name":"wp","href":"https:\/\/api.w.org\/{rel}","templated":true}]}}