{"id":342,"date":"2026-01-15T12:11:00","date_gmt":"2026-01-15T11:11:00","guid":{"rendered":"https:\/\/actionmall.act.at\/shop\/295\/?post_type=product&#038;p=342"},"modified":"2026-01-15T12:11:00","modified_gmt":"2026-01-15T11:11:00","slug":"interaktive-sprachreise-kommunikationstrainer-italienisch","status":"publish","type":"product","link":"https:\/\/actionmall.act.at\/shop\/295\/en\/produkt\/interaktive-sprachreise-kommunikationstrainer-italienisch\/","title":{"rendered":"Interaktive Sprachreise: Kommunikationstrainer &#8211; Italienisch"},"content":{"rendered":"<p>Eine interaktive Sprachreise als Kommunikationstrainer f\u00fcr Italienisch f\u00f6rdert die Sprachkompetenz durch praxisnahe Aktivit\u00e4ten. Der Fokus liegt auf Sprechen und H\u00f6ren, um die m\u00fcndliche Ausdrucksf\u00e4higkeit zu st\u00e4rken. Neue Vokabeln und grammatikalische Strukturen werden durch abwechslungsreiche \u00dcbungen vermittelt. Kulturelle Aspekte Italiens werden eingebunden, um das Verst\u00e4ndnis f\u00fcr die Sprache zu vertiefen. Regelm\u00e4\u00dfiges Feedback unterst\u00fctzt die Teilnehmer, ihre Kommunikationsf\u00e4higkeiten kontinuierlich zu verbessern.<\/p>\n","protected":false},"excerpt":{"rendered":"<p>Eine interaktive Sprachreise als Kommunikationstrainer f\u00fcr Italienisch f\u00f6rdert die Sprachkompetenz durch praxisnahe Aktivit\u00e4ten. Der Fokus liegt auf Sprechen und H\u00f6ren, um die m\u00fcndliche Ausdrucksf\u00e4higkeit zu st\u00e4rken. Neue Vokabeln und grammatikalische Strukturen werden durch abwechslungsreiche \u00dcbungen vermittelt. Kulturelle Aspekte Italiens werden eingebunden, um das Verst\u00e4ndnis f\u00fcr die Sprache zu vertiefen. Regelm\u00e4\u00dfiges Feedback unterst\u00fctzt die Teilnehmer, ihre [&hellip;]<\/p>\n","protected":false},"featured_media":343,"template":"","meta":[],"product_cat":[],"product_tag":[],"class_list":{"0":"post-342","1":"product","2":"type-product","3":"status-publish","4":"has-post-thumbnail","7":"first","8":"instock","9":"taxable","10":"shipping-taxable","11":"purchasable","12":"product-type-simple"},"_links":{"self":[{"href":"https:\/\/actionmall.act.at\/shop\/295\/en\/wp-json\/wp\/v2\/product\/342"}],"collection":[{"href":"https:\/\/actionmall.act.at\/shop\/295\/en\/wp-json\/wp\/v2\/product"}],"about":[{"href":"https:\/\/actionmall.act.at\/shop\/295\/en\/wp-json\/wp\/v2\/types\/product"}],"wp:featuredmedia":[{"embeddable":true,"href":"https:\/\/actionmall.act.at\/shop\/295\/en\/wp-json\/wp\/v2\/media\/343"}],"wp:attachment":[{"href":"https:\/\/actionmall.act.at\/shop\/295\/en\/wp-json\/wp\/v2\/media?parent=342"}],"wp:term":[{"taxonomy":"product_cat","embeddable":true,"href":"https:\/\/actionmall.act.at\/shop\/295\/en\/wp-json\/wp\/v2\/product_cat?post=342"},{"taxonomy":"product_tag","embeddable":true,"href":"https:\/\/actionmall.act.at\/shop\/295\/en\/wp-json\/wp\/v2\/product_tag?post=342"}],"curies":[{"name":"wp","href":"https:\/\/api.w.org\/{rel}","templated":true}]}}