{"id":350,"date":"2026-01-15T12:20:28","date_gmt":"2026-01-15T11:20:28","guid":{"rendered":"https:\/\/actionmall.act.at\/shop\/295\/?post_type=product&#038;p=350"},"modified":"2026-01-15T12:20:28","modified_gmt":"2026-01-15T11:20:28","slug":"interaktive-sprachreise-sprachkurs-spanisch","status":"publish","type":"product","link":"https:\/\/actionmall.act.at\/shop\/295\/en\/produkt\/interaktive-sprachreise-sprachkurs-spanisch\/","title":{"rendered":"Interaktive Sprachreise: Sprachkurs &#8211; Spanisch"},"content":{"rendered":"<p>Der interaktive Sprachreisen Sprachkurs Spanisch bietet eine lebendige und praxisnahe Lernumgebung, um Spanisch effektiv zu lernen. Durch abwechslungsreiche \u00dcbungen, Rollenspiele und echte Dialoge werden die Teilnehmer dazu angeregt, aktiv zu kommunizieren und ihre Sprachfertigkeiten zu verbessern. Der Kurs legt gro\u00dfen Wert auf kulturelle Aspekte, um ein tieferes Verst\u00e4ndnis f\u00fcr die spanischsprachige Welt zu f\u00f6rdern. Moderne Lehrmethoden garantieren, dass alle Sprachbereiche \u2013 Sprechen, H\u00f6ren, Lesen und Schreiben \u2013 umfassend trainiert werden. Mit individueller Unterst\u00fctzung und regelm\u00e4\u00dfigem Feedback wird der Lernfortschritt optimal begleitet und motiviert.<\/p>\n","protected":false},"excerpt":{"rendered":"<p>Der interaktive Sprachreisen Sprachkurs Spanisch bietet eine lebendige und praxisnahe Lernumgebung, um Spanisch effektiv zu lernen. Durch abwechslungsreiche \u00dcbungen, Rollenspiele und echte Dialoge werden die Teilnehmer dazu angeregt, aktiv zu kommunizieren und ihre Sprachfertigkeiten zu verbessern. Der Kurs legt gro\u00dfen Wert auf kulturelle Aspekte, um ein tieferes Verst\u00e4ndnis f\u00fcr die spanischsprachige Welt zu f\u00f6rdern. Moderne [&hellip;]<\/p>\n","protected":false},"featured_media":352,"template":"","meta":[],"product_cat":[],"product_tag":[],"class_list":{"0":"post-350","1":"product","2":"type-product","3":"status-publish","4":"has-post-thumbnail","7":"first","8":"instock","9":"taxable","10":"shipping-taxable","11":"purchasable","12":"product-type-simple"},"_links":{"self":[{"href":"https:\/\/actionmall.act.at\/shop\/295\/en\/wp-json\/wp\/v2\/product\/350"}],"collection":[{"href":"https:\/\/actionmall.act.at\/shop\/295\/en\/wp-json\/wp\/v2\/product"}],"about":[{"href":"https:\/\/actionmall.act.at\/shop\/295\/en\/wp-json\/wp\/v2\/types\/product"}],"wp:featuredmedia":[{"embeddable":true,"href":"https:\/\/actionmall.act.at\/shop\/295\/en\/wp-json\/wp\/v2\/media\/352"}],"wp:attachment":[{"href":"https:\/\/actionmall.act.at\/shop\/295\/en\/wp-json\/wp\/v2\/media?parent=350"}],"wp:term":[{"taxonomy":"product_cat","embeddable":true,"href":"https:\/\/actionmall.act.at\/shop\/295\/en\/wp-json\/wp\/v2\/product_cat?post=350"},{"taxonomy":"product_tag","embeddable":true,"href":"https:\/\/actionmall.act.at\/shop\/295\/en\/wp-json\/wp\/v2\/product_tag?post=350"}],"curies":[{"name":"wp","href":"https:\/\/api.w.org\/{rel}","templated":true}]}}