{"id":353,"date":"2026-01-15T12:23:48","date_gmt":"2026-01-15T11:23:48","guid":{"rendered":"https:\/\/actionmall.act.at\/shop\/295\/?post_type=product&#038;p=353"},"modified":"2026-01-15T12:23:48","modified_gmt":"2026-01-15T11:23:48","slug":"interaktive-sprachreise-sprachkurs-italienisch","status":"publish","type":"product","link":"https:\/\/actionmall.act.at\/shop\/295\/en\/produkt\/interaktive-sprachreise-sprachkurs-italienisch\/","title":{"rendered":"Interaktive Sprachreise: Sprachkurs Italienisch"},"content":{"rendered":"<p>Der interaktive Sprachreisen Sprachkurs Italienisch bietet eine ansprechende und praxisnahe M\u00f6glichkeit, die italienische Sprache zu erlernen und zu vertiefen. Durch abwechslungsreiche \u00dcbungen, Rollenspiele und interaktive Aufgaben werden die Teilnehmer ermutigt, aktiv zu sprechen und sich mit der Sprache vertraut zu machen. Der Kurs betont kulturelle Elemente, um ein tieferes Verst\u00e4ndnis f\u00fcr die italienische Kultur, Traditionen und Lebensweise zu entwickeln. Moderne Lehrmethoden stellen sicher, dass alle Sprachfertigkeiten \u2013 Sprechen, H\u00f6ren, Lesen und Schreiben \u2013 umfassend gef\u00f6rdert werden. Mit individueller Betreuung und regelm\u00e4\u00dfigem Feedback wird der Lernfortschritt gezielt unterst\u00fctzt und motiviert.<\/p>\n","protected":false},"excerpt":{"rendered":"<p>Der interaktive Sprachreisen Sprachkurs Italienisch bietet eine ansprechende und praxisnahe M\u00f6glichkeit, die italienische Sprache zu erlernen und zu vertiefen. Durch abwechslungsreiche \u00dcbungen, Rollenspiele und interaktive Aufgaben werden die Teilnehmer ermutigt, aktiv zu sprechen und sich mit der Sprache vertraut zu machen. Der Kurs betont kulturelle Elemente, um ein tieferes Verst\u00e4ndnis f\u00fcr die italienische Kultur, Traditionen [&hellip;]<\/p>\n","protected":false},"featured_media":354,"template":"","meta":[],"product_cat":[],"product_tag":[],"class_list":{"0":"post-353","1":"product","2":"type-product","3":"status-publish","4":"has-post-thumbnail","7":"first","8":"instock","9":"taxable","10":"shipping-taxable","11":"purchasable","12":"product-type-simple"},"_links":{"self":[{"href":"https:\/\/actionmall.act.at\/shop\/295\/en\/wp-json\/wp\/v2\/product\/353"}],"collection":[{"href":"https:\/\/actionmall.act.at\/shop\/295\/en\/wp-json\/wp\/v2\/product"}],"about":[{"href":"https:\/\/actionmall.act.at\/shop\/295\/en\/wp-json\/wp\/v2\/types\/product"}],"wp:featuredmedia":[{"embeddable":true,"href":"https:\/\/actionmall.act.at\/shop\/295\/en\/wp-json\/wp\/v2\/media\/354"}],"wp:attachment":[{"href":"https:\/\/actionmall.act.at\/shop\/295\/en\/wp-json\/wp\/v2\/media?parent=353"}],"wp:term":[{"taxonomy":"product_cat","embeddable":true,"href":"https:\/\/actionmall.act.at\/shop\/295\/en\/wp-json\/wp\/v2\/product_cat?post=353"},{"taxonomy":"product_tag","embeddable":true,"href":"https:\/\/actionmall.act.at\/shop\/295\/en\/wp-json\/wp\/v2\/product_tag?post=353"}],"curies":[{"name":"wp","href":"https:\/\/api.w.org\/{rel}","templated":true}]}}