{"id":360,"date":"2026-01-15T13:22:30","date_gmt":"2026-01-15T12:22:30","guid":{"rendered":"https:\/\/actionmall.act.at\/shop\/295\/?post_type=product&#038;p=360"},"modified":"2026-01-15T13:22:30","modified_gmt":"2026-01-15T12:22:30","slug":"bmd-lohn-je-ein-weiterer-user","status":"publish","type":"product","link":"https:\/\/actionmall.act.at\/shop\/295\/en\/produkt\/bmd-lohn-je-ein-weiterer-user\/","title":{"rendered":"BMD: LOHN je ein weiterer User"},"content":{"rendered":"<p>BMD: LOHN ist ein System, bei dem jeder zus\u00e4tzliche User als eigener Lohnbuchhaltungs-Charakter agiert. Jeder \u201eUser\u201c verwaltet fiktive Gehaltsabrechnungen, Boni und Abz\u00fcge, kennt gesetzliche Regelungen und interne Richtlinien. Gemeinsam sorgen die Nutzer f\u00fcr korrekte Lohnabrechnungen, analysieren Personalaufw\u00e4nde und behalten Fristen im Blick. Das Konzept verbindet Teamarbeit, Pr\u00e4zision und Verantwortungsbewusstsein im digitalen Rollenspiel.<\/p>\n","protected":false},"excerpt":{"rendered":"<p>BMD: LOHN ist ein System, bei dem jeder zus\u00e4tzliche User als eigener Lohnbuchhaltungs-Charakter agiert. Jeder \u201eUser\u201c verwaltet fiktive Gehaltsabrechnungen, Boni und Abz\u00fcge, kennt gesetzliche Regelungen und interne Richtlinien. Gemeinsam sorgen die Nutzer f\u00fcr korrekte Lohnabrechnungen, analysieren Personalaufw\u00e4nde und behalten Fristen im Blick. Das Konzept verbindet Teamarbeit, Pr\u00e4zision und Verantwortungsbewusstsein im digitalen Rollenspiel.<\/p>\n","protected":false},"featured_media":361,"template":"","meta":[],"product_cat":[],"product_tag":[],"class_list":{"0":"post-360","1":"product","2":"type-product","3":"status-publish","4":"has-post-thumbnail","7":"first","8":"instock","9":"taxable","10":"shipping-taxable","11":"purchasable","12":"product-type-simple"},"_links":{"self":[{"href":"https:\/\/actionmall.act.at\/shop\/295\/en\/wp-json\/wp\/v2\/product\/360"}],"collection":[{"href":"https:\/\/actionmall.act.at\/shop\/295\/en\/wp-json\/wp\/v2\/product"}],"about":[{"href":"https:\/\/actionmall.act.at\/shop\/295\/en\/wp-json\/wp\/v2\/types\/product"}],"wp:featuredmedia":[{"embeddable":true,"href":"https:\/\/actionmall.act.at\/shop\/295\/en\/wp-json\/wp\/v2\/media\/361"}],"wp:attachment":[{"href":"https:\/\/actionmall.act.at\/shop\/295\/en\/wp-json\/wp\/v2\/media?parent=360"}],"wp:term":[{"taxonomy":"product_cat","embeddable":true,"href":"https:\/\/actionmall.act.at\/shop\/295\/en\/wp-json\/wp\/v2\/product_cat?post=360"},{"taxonomy":"product_tag","embeddable":true,"href":"https:\/\/actionmall.act.at\/shop\/295\/en\/wp-json\/wp\/v2\/product_tag?post=360"}],"curies":[{"name":"wp","href":"https:\/\/api.w.org\/{rel}","templated":true}]}}