{"id":362,"date":"2026-01-15T14:11:56","date_gmt":"2026-01-15T13:11:56","guid":{"rendered":"https:\/\/actionmall.act.at\/shop\/295\/?post_type=product&#038;p=362"},"modified":"2026-02-12T11:44:17","modified_gmt":"2026-02-12T10:44:17","slug":"kaspersky-small-office-security-2","status":"publish","type":"product","link":"https:\/\/actionmall.act.at\/shop\/295\/en\/produkt\/kaspersky-small-office-security-2\/","title":{"rendered":"Kaspersky Small Office Security 2026 &#8211; 5 Ger\u00e4te"},"content":{"rendered":"<p>Kaspersky Small Office Security 2026 \u2013 5 Ger\u00e4te sch\u00fctzt kleine Unternehmen zuverl\u00e4ssig vor Viren, Malware, Ransomware und Phishing. Die Software bietet umfassende Sicherheitsfunktionen f\u00fcr Windows-, Mac- und Android-Ger\u00e4te. Sie verwaltet Passw\u00f6rter, sichert Daten, sch\u00fctzt Online-Zahlungen und erm\u00f6glicht einfache Ger\u00e4teverwaltung. Ideal f\u00fcr Teams bis f\u00fcnf Ger\u00e4te, die maximale Sicherheit bei minimalem Aufwand suchen.<\/p>\n","protected":false},"excerpt":{"rendered":"<p>Kaspersky Small Office Security 2026 \u2013 5 Ger\u00e4te sch\u00fctzt kleine Unternehmen zuverl\u00e4ssig vor Viren, Malware, Ransomware und Phishing. Die Software bietet umfassende Sicherheitsfunktionen f\u00fcr Windows-, Mac- und Android-Ger\u00e4te. Sie verwaltet Passw\u00f6rter, sichert Daten, sch\u00fctzt Online-Zahlungen und erm\u00f6glicht einfache Ger\u00e4teverwaltung. Ideal f\u00fcr Teams bis f\u00fcnf Ger\u00e4te, die maximale Sicherheit bei minimalem Aufwand suchen.<\/p>\n","protected":false},"featured_media":363,"template":"","meta":[],"product_cat":[],"product_tag":[],"class_list":{"0":"post-362","1":"product","2":"type-product","3":"status-publish","4":"has-post-thumbnail","7":"first","8":"instock","9":"taxable","10":"shipping-taxable","11":"purchasable","12":"product-type-simple"},"_links":{"self":[{"href":"https:\/\/actionmall.act.at\/shop\/295\/en\/wp-json\/wp\/v2\/product\/362"}],"collection":[{"href":"https:\/\/actionmall.act.at\/shop\/295\/en\/wp-json\/wp\/v2\/product"}],"about":[{"href":"https:\/\/actionmall.act.at\/shop\/295\/en\/wp-json\/wp\/v2\/types\/product"}],"wp:featuredmedia":[{"embeddable":true,"href":"https:\/\/actionmall.act.at\/shop\/295\/en\/wp-json\/wp\/v2\/media\/363"}],"wp:attachment":[{"href":"https:\/\/actionmall.act.at\/shop\/295\/en\/wp-json\/wp\/v2\/media?parent=362"}],"wp:term":[{"taxonomy":"product_cat","embeddable":true,"href":"https:\/\/actionmall.act.at\/shop\/295\/en\/wp-json\/wp\/v2\/product_cat?post=362"},{"taxonomy":"product_tag","embeddable":true,"href":"https:\/\/actionmall.act.at\/shop\/295\/en\/wp-json\/wp\/v2\/product_tag?post=362"}],"curies":[{"name":"wp","href":"https:\/\/api.w.org\/{rel}","templated":true}]}}