{"id":267,"date":"2025-10-23T12:11:06","date_gmt":"2025-10-23T10:11:06","guid":{"rendered":"https:\/\/actionmall.act.at\/shop\/295\/?post_type=product&#038;p=267"},"modified":"2026-02-26T11:58:29","modified_gmt":"2026-02-26T10:58:29","slug":"assassins-creed-valhalla","status":"publish","type":"product","link":"https:\/\/actionmall.act.at\/shop\/295\/produkt\/assassins-creed-valhalla\/","title":{"rendered":"Assassin&#8217;s Creed Valhalla"},"content":{"rendered":"<p>\u201eAssassin&#8217;s Creed Valhalla\u201c ist ein Action-Adventure-Spiel, das die Spieler in die Welt der Wikinger im 9. Jahrhundert entf\u00fchrt. Man schl\u00fcpft in die Rolle von Eivor, einem Wikingerkrieger, der mit seiner Familie nach England reist, um ein neues Zuhause zu finden. Das Spiel kombiniert Elemente von Erkundung, K\u00e4mpfen und Stealth, w\u00e4hrend Eivor die Feinde der Assassinen und Templer bek\u00e4mpft. Spieler k\u00f6nnen die offene Welt durch Raubz\u00fcge, Quests und das Bauen von Siedlungen erkunden. Mit einer packenden Story und tiefen Charakterentwicklungen bietet das Spiel eine fesselnde Mischung aus Geschichte und Mythologie.<\/p>\n","protected":false},"excerpt":{"rendered":"<p>\u201eAssassin&#8217;s Creed Valhalla\u201c ist ein Action-Adventure-Spiel, das die Spieler in die Welt der Wikinger im 9. Jahrhundert entf\u00fchrt. Man schl\u00fcpft in die Rolle von Eivor, einem Wikingerkrieger, der mit seiner Familie nach England reist, um ein neues Zuhause zu finden. Das Spiel kombiniert Elemente von Erkundung, K\u00e4mpfen und Stealth, w\u00e4hrend Eivor die Feinde der Assassinen [&hellip;]<\/p>\n","protected":false},"featured_media":269,"template":"","meta":[],"product_cat":[34],"product_tag":[],"class_list":{"0":"post-267","1":"product","2":"type-product","3":"status-publish","4":"has-post-thumbnail","6":"product_cat-autos-und-fahrzeuge","8":"first","9":"instock","10":"taxable","11":"shipping-taxable","12":"purchasable","13":"product-type-simple"},"_links":{"self":[{"href":"https:\/\/actionmall.act.at\/shop\/295\/wp-json\/wp\/v2\/product\/267"}],"collection":[{"href":"https:\/\/actionmall.act.at\/shop\/295\/wp-json\/wp\/v2\/product"}],"about":[{"href":"https:\/\/actionmall.act.at\/shop\/295\/wp-json\/wp\/v2\/types\/product"}],"wp:featuredmedia":[{"embeddable":true,"href":"https:\/\/actionmall.act.at\/shop\/295\/wp-json\/wp\/v2\/media\/269"}],"wp:attachment":[{"href":"https:\/\/actionmall.act.at\/shop\/295\/wp-json\/wp\/v2\/media?parent=267"}],"wp:term":[{"taxonomy":"product_cat","embeddable":true,"href":"https:\/\/actionmall.act.at\/shop\/295\/wp-json\/wp\/v2\/product_cat?post=267"},{"taxonomy":"product_tag","embeddable":true,"href":"https:\/\/actionmall.act.at\/shop\/295\/wp-json\/wp\/v2\/product_tag?post=267"}],"curies":[{"name":"wp","href":"https:\/\/api.w.org\/{rel}","templated":true}]}}