{"id":271,"date":"2025-10-23T12:15:51","date_gmt":"2025-10-23T10:15:51","guid":{"rendered":"https:\/\/actionmall.act.at\/shop\/295\/?post_type=product&#038;p=271"},"modified":"2025-10-23T12:19:43","modified_gmt":"2025-10-23T10:19:43","slug":"seminarpaket-telefontraining","status":"publish","type":"product","link":"https:\/\/actionmall.act.at\/shop\/295\/produkt\/seminarpaket-telefontraining\/","title":{"rendered":"Seminarpaket Telefontraining"},"content":{"rendered":"<p>Das Seminarpaket Telefontraining vermittelt Teilnehmern effektive Kommunikationsstrategien f\u00fcr erfolgreiche Telefonate. Durch praxisnahe \u00dcbungen lernen die Teilnehmer, ihre Gespr\u00e4chsf\u00fchrung zu optimieren und Kunden professionell zu beraten. Der Kurs deckt wichtige Themen wie aktives Zuh\u00f6ren, Einwandbehandlung und Gespr\u00e4chsabschluss ab. Zudem erhalten die Teilnehmer wertvolle Tipps zur Stimm- und Sprechtechnik, um \u00fcberzeugender zu wirken. Mit individuellen Feedbacks und Rollenspielen wird das Erlernte direkt angewendet, um die Sicherheit und Kompetenz am Telefon zu steigern.<\/p>\n","protected":false},"excerpt":{"rendered":"<p>Das Seminarpaket Telefontraining vermittelt Teilnehmern effektive Kommunikationsstrategien f\u00fcr erfolgreiche Telefonate. Durch praxisnahe \u00dcbungen lernen die Teilnehmer, ihre Gespr\u00e4chsf\u00fchrung zu optimieren und Kunden professionell zu beraten. Der Kurs deckt wichtige Themen wie aktives Zuh\u00f6ren, Einwandbehandlung und Gespr\u00e4chsabschluss ab. Zudem erhalten die Teilnehmer wertvolle Tipps zur Stimm- und Sprechtechnik, um \u00fcberzeugender zu wirken. Mit individuellen Feedbacks und [&hellip;]<\/p>\n","protected":false},"featured_media":279,"template":"","meta":[],"product_cat":[],"product_tag":[],"class_list":{"0":"post-271","1":"product","2":"type-product","3":"status-publish","4":"has-post-thumbnail","7":"first","8":"instock","9":"taxable","10":"shipping-taxable","11":"purchasable","12":"product-type-simple"},"_links":{"self":[{"href":"https:\/\/actionmall.act.at\/shop\/295\/wp-json\/wp\/v2\/product\/271"}],"collection":[{"href":"https:\/\/actionmall.act.at\/shop\/295\/wp-json\/wp\/v2\/product"}],"about":[{"href":"https:\/\/actionmall.act.at\/shop\/295\/wp-json\/wp\/v2\/types\/product"}],"wp:featuredmedia":[{"embeddable":true,"href":"https:\/\/actionmall.act.at\/shop\/295\/wp-json\/wp\/v2\/media\/279"}],"wp:attachment":[{"href":"https:\/\/actionmall.act.at\/shop\/295\/wp-json\/wp\/v2\/media?parent=271"}],"wp:term":[{"taxonomy":"product_cat","embeddable":true,"href":"https:\/\/actionmall.act.at\/shop\/295\/wp-json\/wp\/v2\/product_cat?post=271"},{"taxonomy":"product_tag","embeddable":true,"href":"https:\/\/actionmall.act.at\/shop\/295\/wp-json\/wp\/v2\/product_tag?post=271"}],"curies":[{"name":"wp","href":"https:\/\/api.w.org\/{rel}","templated":true}]}}