{"id":272,"date":"2025-10-23T12:16:09","date_gmt":"2025-10-23T10:16:09","guid":{"rendered":"https:\/\/actionmall.act.at\/shop\/295\/?post_type=product&#038;p=272"},"modified":"2025-10-23T12:16:09","modified_gmt":"2025-10-23T10:16:09","slug":"bmd-anbu-basispaket-1-user","status":"publish","type":"product","link":"https:\/\/actionmall.act.at\/shop\/295\/produkt\/bmd-anbu-basispaket-1-user\/","title":{"rendered":"BMD: ANBU Basispaket 1 User"},"content":{"rendered":"<p>BMD ANBU ist eine effiziente L\u00f6sung f\u00fcr das Anforderungs- und Beschaffungsmanagement von Unternehmen. Sie erm\u00f6glicht die zentrale Verwaltung aller Bestellungen und Anfragen, was Transparenz und Nachverfolgbarkeit erh\u00f6ht. Dank benutzerfreundlicher Oberfl\u00e4chen und intelligenter Automatisierungen werden Arbeitsabl\u00e4ufe optimiert. Umfassende Reporting-Funktionen unterst\u00fctzen eine fundierte Entscheidungsfindung. Die flexible Anpassung erm\u00f6glicht eine nahtlose Integration in bestehende Systeme und passt sich den individuellen Bed\u00fcrfnissen an.<\/p>\n","protected":false},"excerpt":{"rendered":"<p>BMD ANBU ist eine effiziente L\u00f6sung f\u00fcr das Anforderungs- und Beschaffungsmanagement von Unternehmen. Sie erm\u00f6glicht die zentrale Verwaltung aller Bestellungen und Anfragen, was Transparenz und Nachverfolgbarkeit erh\u00f6ht. Dank benutzerfreundlicher Oberfl\u00e4chen und intelligenter Automatisierungen werden Arbeitsabl\u00e4ufe optimiert. Umfassende Reporting-Funktionen unterst\u00fctzen eine fundierte Entscheidungsfindung. Die flexible Anpassung erm\u00f6glicht eine nahtlose Integration in bestehende Systeme und passt sich [&hellip;]<\/p>\n","protected":false},"featured_media":273,"template":"","meta":[],"product_cat":[],"product_tag":[],"class_list":{"0":"post-272","1":"product","2":"type-product","3":"status-publish","4":"has-post-thumbnail","7":"first","8":"instock","9":"taxable","10":"shipping-taxable","11":"purchasable","12":"product-type-simple"},"_links":{"self":[{"href":"https:\/\/actionmall.act.at\/shop\/295\/wp-json\/wp\/v2\/product\/272"}],"collection":[{"href":"https:\/\/actionmall.act.at\/shop\/295\/wp-json\/wp\/v2\/product"}],"about":[{"href":"https:\/\/actionmall.act.at\/shop\/295\/wp-json\/wp\/v2\/types\/product"}],"wp:featuredmedia":[{"embeddable":true,"href":"https:\/\/actionmall.act.at\/shop\/295\/wp-json\/wp\/v2\/media\/273"}],"wp:attachment":[{"href":"https:\/\/actionmall.act.at\/shop\/295\/wp-json\/wp\/v2\/media?parent=272"}],"wp:term":[{"taxonomy":"product_cat","embeddable":true,"href":"https:\/\/actionmall.act.at\/shop\/295\/wp-json\/wp\/v2\/product_cat?post=272"},{"taxonomy":"product_tag","embeddable":true,"href":"https:\/\/actionmall.act.at\/shop\/295\/wp-json\/wp\/v2\/product_tag?post=272"}],"curies":[{"name":"wp","href":"https:\/\/api.w.org\/{rel}","templated":true}]}}