{"id":274,"date":"2025-10-23T12:18:11","date_gmt":"2025-10-23T10:18:11","guid":{"rendered":"https:\/\/actionmall.act.at\/shop\/295\/?post_type=product&#038;p=274"},"modified":"2025-10-23T12:18:11","modified_gmt":"2025-10-23T10:18:11","slug":"seminarpaket-praesentieren","status":"publish","type":"product","link":"https:\/\/actionmall.act.at\/shop\/295\/produkt\/seminarpaket-praesentieren\/","title":{"rendered":"Seminarpaket Pr\u00e4sentieren"},"content":{"rendered":"<p>Das Seminarpaket Pr\u00e4sentieren vermittelt Teilnehmern die F\u00e4higkeiten, \u00fcberzeugende und effektive Pr\u00e4sentationen zu gestalten und zu halten. Sie lernen, ihre Inhalte klar zu strukturieren und ansprechend aufzubereiten, um das Publikum zu fesseln. Durch praxisnahe \u00dcbungen werden Techniken zur Stimm- und K\u00f6rpersprache sowie den Umgang mit Nervosit\u00e4t trainiert. Zus\u00e4tzlich werden Methoden zur Nutzung visueller Hilfsmittel und zur Interaktion mit dem Publikum behandelt. Mit individuellem Feedback und Videoanalysen wird das Gelernte direkt angewendet, um die Pr\u00e4sentationskompetenz nachhaltig zu verbessern.<\/p>\n","protected":false},"excerpt":{"rendered":"<p>Das Seminarpaket Pr\u00e4sentieren vermittelt Teilnehmern die F\u00e4higkeiten, \u00fcberzeugende und effektive Pr\u00e4sentationen zu gestalten und zu halten. Sie lernen, ihre Inhalte klar zu strukturieren und ansprechend aufzubereiten, um das Publikum zu fesseln. Durch praxisnahe \u00dcbungen werden Techniken zur Stimm- und K\u00f6rpersprache sowie den Umgang mit Nervosit\u00e4t trainiert. Zus\u00e4tzlich werden Methoden zur Nutzung visueller Hilfsmittel und zur [&hellip;]<\/p>\n","protected":false},"featured_media":276,"template":"","meta":[],"product_cat":[],"product_tag":[],"class_list":{"0":"post-274","1":"product","2":"type-product","3":"status-publish","4":"has-post-thumbnail","7":"first","8":"instock","9":"taxable","10":"shipping-taxable","11":"purchasable","12":"product-type-simple"},"_links":{"self":[{"href":"https:\/\/actionmall.act.at\/shop\/295\/wp-json\/wp\/v2\/product\/274"}],"collection":[{"href":"https:\/\/actionmall.act.at\/shop\/295\/wp-json\/wp\/v2\/product"}],"about":[{"href":"https:\/\/actionmall.act.at\/shop\/295\/wp-json\/wp\/v2\/types\/product"}],"wp:featuredmedia":[{"embeddable":true,"href":"https:\/\/actionmall.act.at\/shop\/295\/wp-json\/wp\/v2\/media\/276"}],"wp:attachment":[{"href":"https:\/\/actionmall.act.at\/shop\/295\/wp-json\/wp\/v2\/media?parent=274"}],"wp:term":[{"taxonomy":"product_cat","embeddable":true,"href":"https:\/\/actionmall.act.at\/shop\/295\/wp-json\/wp\/v2\/product_cat?post=274"},{"taxonomy":"product_tag","embeddable":true,"href":"https:\/\/actionmall.act.at\/shop\/295\/wp-json\/wp\/v2\/product_tag?post=274"}],"curies":[{"name":"wp","href":"https:\/\/api.w.org\/{rel}","templated":true}]}}