{"id":286,"date":"2025-10-23T12:24:16","date_gmt":"2025-10-23T10:24:16","guid":{"rendered":"https:\/\/actionmall.act.at\/shop\/295\/?post_type=product&#038;p=286"},"modified":"2025-10-23T12:24:16","modified_gmt":"2025-10-23T10:24:16","slug":"seminarpaket-mitarbeiterfuehrung","status":"publish","type":"product","link":"https:\/\/actionmall.act.at\/shop\/295\/produkt\/seminarpaket-mitarbeiterfuehrung\/","title":{"rendered":"Seminarpaket Mitarbeiterf\u00fchrung"},"content":{"rendered":"<p>Das Seminarpaket Mitarbeiterf\u00fchrung vermittelt F\u00fchrungskr\u00e4ften die notwendigen F\u00e4higkeiten, um ihre Teams effektiv zu leiten und zu motivieren. Teilnehmer lernen, wie sie klare Ziele setzen, konstruktives Feedback geben und die individuelle Entwicklung ihrer Mitarbeiter f\u00f6rdern k\u00f6nnen. Durch praxisnahe \u00dcbungen werden Kommunikationsstrategien und Konfliktmanagement-Techniken erprobt, um ein positives Arbeitsklima zu schaffen. Zudem werden Themen wie Teambuilding und Mitarbeiterbindung behandelt, um langfristigen Erfolg zu sichern. Mit individuellem Feedback und Fallstudien wird das Gelernte direkt angewendet, um die F\u00fchrungskompetenz nachhaltig zu st\u00e4rken.<\/p>\n","protected":false},"excerpt":{"rendered":"<p>Das Seminarpaket Mitarbeiterf\u00fchrung vermittelt F\u00fchrungskr\u00e4ften die notwendigen F\u00e4higkeiten, um ihre Teams effektiv zu leiten und zu motivieren. Teilnehmer lernen, wie sie klare Ziele setzen, konstruktives Feedback geben und die individuelle Entwicklung ihrer Mitarbeiter f\u00f6rdern k\u00f6nnen. Durch praxisnahe \u00dcbungen werden Kommunikationsstrategien und Konfliktmanagement-Techniken erprobt, um ein positives Arbeitsklima zu schaffen. Zudem werden Themen wie Teambuilding und [&hellip;]<\/p>\n","protected":false},"featured_media":287,"template":"","meta":[],"product_cat":[],"product_tag":[],"class_list":{"0":"post-286","1":"product","2":"type-product","3":"status-publish","4":"has-post-thumbnail","7":"first","8":"instock","9":"taxable","10":"shipping-taxable","11":"purchasable","12":"product-type-simple"},"_links":{"self":[{"href":"https:\/\/actionmall.act.at\/shop\/295\/wp-json\/wp\/v2\/product\/286"}],"collection":[{"href":"https:\/\/actionmall.act.at\/shop\/295\/wp-json\/wp\/v2\/product"}],"about":[{"href":"https:\/\/actionmall.act.at\/shop\/295\/wp-json\/wp\/v2\/types\/product"}],"wp:featuredmedia":[{"embeddable":true,"href":"https:\/\/actionmall.act.at\/shop\/295\/wp-json\/wp\/v2\/media\/287"}],"wp:attachment":[{"href":"https:\/\/actionmall.act.at\/shop\/295\/wp-json\/wp\/v2\/media?parent=286"}],"wp:term":[{"taxonomy":"product_cat","embeddable":true,"href":"https:\/\/actionmall.act.at\/shop\/295\/wp-json\/wp\/v2\/product_cat?post=286"},{"taxonomy":"product_tag","embeddable":true,"href":"https:\/\/actionmall.act.at\/shop\/295\/wp-json\/wp\/v2\/product_tag?post=286"}],"curies":[{"name":"wp","href":"https:\/\/api.w.org\/{rel}","templated":true}]}}