{"id":291,"date":"2025-10-23T12:27:40","date_gmt":"2025-10-23T10:27:40","guid":{"rendered":"https:\/\/actionmall.act.at\/shop\/295\/?post_type=product&#038;p=291"},"modified":"2025-10-23T12:27:40","modified_gmt":"2025-10-23T10:27:40","slug":"business-intensivkurs-englisch","status":"publish","type":"product","link":"https:\/\/actionmall.act.at\/shop\/295\/produkt\/business-intensivkurs-englisch\/","title":{"rendered":"Business Intensivkurs Englisch"},"content":{"rendered":"<p>Der Business Intensivkurs Englisch richtet sich an Fach- und F\u00fchrungskr\u00e4fte, die ihre Englischkenntnisse f\u00fcr den beruflichen Kontext schnell und effektiv verbessern m\u00f6chten. In kompakten und praxisorientierten Modulen werden zentrale Themen wie Verhandlungsf\u00fchrung, Pr\u00e4sentationen, Meetings und schriftliche Kommunikation behandelt. Die Teilnehmer arbeiten an realistischen Gesch\u00e4ftsszenarien, um ihre Sprachfertigkeiten gezielt einzusetzen und zu optimieren. Interaktive \u00dcbungen und individuelles Feedback f\u00f6rdern den schnellen Lernfortschritt und die Anwendung des Gelernten. Zudem wird Wert auf interkulturelle Kommunikation gelegt, um in internationalen Gesch\u00e4ftssituationen sicher und souver\u00e4n agieren zu k\u00f6nnen.<\/p>\n","protected":false},"excerpt":{"rendered":"<p>Der Business Intensivkurs Englisch richtet sich an Fach- und F\u00fchrungskr\u00e4fte, die ihre Englischkenntnisse f\u00fcr den beruflichen Kontext schnell und effektiv verbessern m\u00f6chten. In kompakten und praxisorientierten Modulen werden zentrale Themen wie Verhandlungsf\u00fchrung, Pr\u00e4sentationen, Meetings und schriftliche Kommunikation behandelt. Die Teilnehmer arbeiten an realistischen Gesch\u00e4ftsszenarien, um ihre Sprachfertigkeiten gezielt einzusetzen und zu optimieren. Interaktive \u00dcbungen und [&hellip;]<\/p>\n","protected":false},"featured_media":295,"template":"","meta":[],"product_cat":[],"product_tag":[],"class_list":{"0":"post-291","1":"product","2":"type-product","3":"status-publish","4":"has-post-thumbnail","7":"first","8":"instock","9":"taxable","10":"shipping-taxable","11":"purchasable","12":"product-type-simple"},"_links":{"self":[{"href":"https:\/\/actionmall.act.at\/shop\/295\/wp-json\/wp\/v2\/product\/291"}],"collection":[{"href":"https:\/\/actionmall.act.at\/shop\/295\/wp-json\/wp\/v2\/product"}],"about":[{"href":"https:\/\/actionmall.act.at\/shop\/295\/wp-json\/wp\/v2\/types\/product"}],"wp:featuredmedia":[{"embeddable":true,"href":"https:\/\/actionmall.act.at\/shop\/295\/wp-json\/wp\/v2\/media\/295"}],"wp:attachment":[{"href":"https:\/\/actionmall.act.at\/shop\/295\/wp-json\/wp\/v2\/media?parent=291"}],"wp:term":[{"taxonomy":"product_cat","embeddable":true,"href":"https:\/\/actionmall.act.at\/shop\/295\/wp-json\/wp\/v2\/product_cat?post=291"},{"taxonomy":"product_tag","embeddable":true,"href":"https:\/\/actionmall.act.at\/shop\/295\/wp-json\/wp\/v2\/product_tag?post=291"}],"curies":[{"name":"wp","href":"https:\/\/api.w.org\/{rel}","templated":true}]}}