{"id":298,"date":"2025-10-23T12:56:18","date_gmt":"2025-10-23T10:56:18","guid":{"rendered":"https:\/\/actionmall.act.at\/shop\/295\/?post_type=product&#038;p=298"},"modified":"2026-02-25T19:33:16","modified_gmt":"2026-02-25T18:33:16","slug":"eafc-25","status":"publish","type":"product","link":"https:\/\/actionmall.act.at\/shop\/295\/produkt\/eafc-25\/","title":{"rendered":"EAFC 25"},"content":{"rendered":"<p>Erlebe in EA SPORTS FC\u2122 25\u00a0<strong>absolute Authentizit\u00e4t<\/strong> und das realistischste Fu\u00dfballerlebnis\u00a0mit den <strong>gr\u00f6\u00dften Wettbewerben<\/strong>, Vereinen und Stars der Fu\u00dfballwelt und <strong>mehr als 120 Stadien<\/strong> und <strong>\u00fcber<\/strong> <strong>30 Ligen. <\/strong><\/p>\n<p>&nbsp;<\/p>\n","protected":false},"excerpt":{"rendered":"<p>Erlebe in EA SPORTS FC\u2122 25\u00a0absolute Authentizit\u00e4t und das realistischste Fu\u00dfballerlebnis\u00a0mit den gr\u00f6\u00dften Wettbewerben, Vereinen und Stars der Fu\u00dfballwelt und mehr als 120 Stadien und \u00fcber 30 Ligen. &nbsp;<\/p>\n","protected":false},"featured_media":301,"template":"","meta":[],"product_cat":[34],"product_tag":[],"class_list":{"0":"post-298","1":"product","2":"type-product","3":"status-publish","4":"has-post-thumbnail","6":"product_cat-autos-und-fahrzeuge","8":"first","9":"instock","10":"taxable","11":"shipping-taxable","12":"purchasable","13":"product-type-simple"},"_links":{"self":[{"href":"https:\/\/actionmall.act.at\/shop\/295\/wp-json\/wp\/v2\/product\/298"}],"collection":[{"href":"https:\/\/actionmall.act.at\/shop\/295\/wp-json\/wp\/v2\/product"}],"about":[{"href":"https:\/\/actionmall.act.at\/shop\/295\/wp-json\/wp\/v2\/types\/product"}],"wp:featuredmedia":[{"embeddable":true,"href":"https:\/\/actionmall.act.at\/shop\/295\/wp-json\/wp\/v2\/media\/301"}],"wp:attachment":[{"href":"https:\/\/actionmall.act.at\/shop\/295\/wp-json\/wp\/v2\/media?parent=298"}],"wp:term":[{"taxonomy":"product_cat","embeddable":true,"href":"https:\/\/actionmall.act.at\/shop\/295\/wp-json\/wp\/v2\/product_cat?post=298"},{"taxonomy":"product_tag","embeddable":true,"href":"https:\/\/actionmall.act.at\/shop\/295\/wp-json\/wp\/v2\/product_tag?post=298"}],"curies":[{"name":"wp","href":"https:\/\/api.w.org\/{rel}","templated":true}]}}