{"id":299,"date":"2025-10-23T13:19:45","date_gmt":"2025-10-23T11:19:45","guid":{"rendered":"https:\/\/actionmall.act.at\/shop\/295\/?post_type=product&#038;p=299"},"modified":"2026-02-26T11:55:42","modified_gmt":"2026-02-26T10:55:42","slug":"ploetzlich-prinzessin-collection-dvd","status":"publish","type":"product","link":"https:\/\/actionmall.act.at\/shop\/295\/produkt\/ploetzlich-prinzessin-collection-dvd\/","title":{"rendered":"Pl\u00f6tzlich Prinzessin Collection &#8211; DVD"},"content":{"rendered":"<p>Die \u201ePl\u00f6tzlich Prinzessin Collection\u201c umfasst die beiden romantischen Kom\u00f6dien, die auf Meg Cabots beliebten Buchreihe basieren. Die Geschichte folgt der sch\u00fcchternen Teenagerin Mia Thermopolis, die entdeckt, dass sie die Thronfolgerin eines kleinen europ\u00e4ischen K\u00f6nigreichs ist. In ihren Abenteuern muss Mia lernen, sich in der k\u00f6niglichen Welt zurechtzufinden, w\u00e4hrend sie gleichzeitig ihre Identit\u00e4t und Freundschaften bewahren m\u00f6chte. Die Filme bieten eine Mischung aus Humor, Herz und den Herausforderungen des Erwachsenwerdens, gepaart mit einem Hauch von Glamour. Mit einer charmanten Besetzung und einem positiven Lebensgef\u00fchl hat die \u201ePl\u00f6tzlich Prinzessin Collection\u201c generations\u00fcbergreifende Fans gewonnen.<\/p>\n","protected":false},"excerpt":{"rendered":"<p>Die \u201ePl\u00f6tzlich Prinzessin Collection\u201c umfasst die beiden romantischen Kom\u00f6dien, die auf Meg Cabots beliebten Buchreihe basieren. Die Geschichte folgt der sch\u00fcchternen Teenagerin Mia Thermopolis, die entdeckt, dass sie die Thronfolgerin eines kleinen europ\u00e4ischen K\u00f6nigreichs ist. In ihren Abenteuern muss Mia lernen, sich in der k\u00f6niglichen Welt zurechtzufinden, w\u00e4hrend sie gleichzeitig ihre Identit\u00e4t und Freundschaften bewahren [&hellip;]<\/p>\n","protected":false},"featured_media":303,"template":"","meta":[],"product_cat":[34],"product_tag":[],"class_list":{"0":"post-299","1":"product","2":"type-product","3":"status-publish","4":"has-post-thumbnail","6":"product_cat-autos-und-fahrzeuge","8":"first","9":"instock","10":"sale","11":"taxable","12":"shipping-taxable","13":"purchasable","14":"product-type-simple"},"_links":{"self":[{"href":"https:\/\/actionmall.act.at\/shop\/295\/wp-json\/wp\/v2\/product\/299"}],"collection":[{"href":"https:\/\/actionmall.act.at\/shop\/295\/wp-json\/wp\/v2\/product"}],"about":[{"href":"https:\/\/actionmall.act.at\/shop\/295\/wp-json\/wp\/v2\/types\/product"}],"wp:featuredmedia":[{"embeddable":true,"href":"https:\/\/actionmall.act.at\/shop\/295\/wp-json\/wp\/v2\/media\/303"}],"wp:attachment":[{"href":"https:\/\/actionmall.act.at\/shop\/295\/wp-json\/wp\/v2\/media?parent=299"}],"wp:term":[{"taxonomy":"product_cat","embeddable":true,"href":"https:\/\/actionmall.act.at\/shop\/295\/wp-json\/wp\/v2\/product_cat?post=299"},{"taxonomy":"product_tag","embeddable":true,"href":"https:\/\/actionmall.act.at\/shop\/295\/wp-json\/wp\/v2\/product_tag?post=299"}],"curies":[{"name":"wp","href":"https:\/\/api.w.org\/{rel}","templated":true}]}}