{"id":302,"date":"2025-10-23T12:59:25","date_gmt":"2025-10-23T10:59:25","guid":{"rendered":"https:\/\/actionmall.act.at\/shop\/295\/?post_type=product&#038;p=302"},"modified":"2026-02-26T11:56:04","modified_gmt":"2026-02-26T10:56:04","slug":"harry-potter-the-complete-collection-dvd","status":"publish","type":"product","link":"https:\/\/actionmall.act.at\/shop\/295\/produkt\/harry-potter-the-complete-collection-dvd\/","title":{"rendered":"Harry Potter: The Complete Collection &#8211; DVD"},"content":{"rendered":"<p>\u201eHarry Potter: The Complete Collection\u201c umfasst alle sieben B\u00e4nde der beliebten Buchreihe von J.K. Rowling, die die Abenteuer des jungen Zauberers Harry Potter und seiner Freunde Harry, Ron und Hermine erz\u00e4hlt. Die Geschichte beginnt mit Harrys Entdeckung seiner magischen Herkunft und seiner Aufnahme an der Hogwarts-Schule f\u00fcr Hexerei und Zauberei. Im Laufe der Reihe k\u00e4mpft Harry gegen den dunklen Zauberer Voldemort und lernt dabei wichtige Lektionen \u00fcber Freundschaft, Mut und das Erwachsenwerden. Jedes Buch entfaltet die komplexe und faszinierende Welt der Magie, angereichert mit fesselnden Charakteren und unerwarteten Wendungen. Diese Sammlung hat Generationen von Lesern begeistert und die Grundlage f\u00fcr ein umfassendes kulturelles Ph\u00e4nomen geschaffen.<\/p>\n","protected":false},"excerpt":{"rendered":"<p>\u201eHarry Potter: The Complete Collection\u201c umfasst alle sieben B\u00e4nde der beliebten Buchreihe von J.K. Rowling, die die Abenteuer des jungen Zauberers Harry Potter und seiner Freunde Harry, Ron und Hermine erz\u00e4hlt. Die Geschichte beginnt mit Harrys Entdeckung seiner magischen Herkunft und seiner Aufnahme an der Hogwarts-Schule f\u00fcr Hexerei und Zauberei. Im Laufe der Reihe k\u00e4mpft [&hellip;]<\/p>\n","protected":false},"featured_media":304,"template":"","meta":[],"product_cat":[34],"product_tag":[],"class_list":{"0":"post-302","1":"product","2":"type-product","3":"status-publish","4":"has-post-thumbnail","6":"product_cat-autos-und-fahrzeuge","8":"first","9":"instock","10":"taxable","11":"shipping-taxable","12":"purchasable","13":"product-type-simple"},"_links":{"self":[{"href":"https:\/\/actionmall.act.at\/shop\/295\/wp-json\/wp\/v2\/product\/302"}],"collection":[{"href":"https:\/\/actionmall.act.at\/shop\/295\/wp-json\/wp\/v2\/product"}],"about":[{"href":"https:\/\/actionmall.act.at\/shop\/295\/wp-json\/wp\/v2\/types\/product"}],"wp:featuredmedia":[{"embeddable":true,"href":"https:\/\/actionmall.act.at\/shop\/295\/wp-json\/wp\/v2\/media\/304"}],"wp:attachment":[{"href":"https:\/\/actionmall.act.at\/shop\/295\/wp-json\/wp\/v2\/media?parent=302"}],"wp:term":[{"taxonomy":"product_cat","embeddable":true,"href":"https:\/\/actionmall.act.at\/shop\/295\/wp-json\/wp\/v2\/product_cat?post=302"},{"taxonomy":"product_tag","embeddable":true,"href":"https:\/\/actionmall.act.at\/shop\/295\/wp-json\/wp\/v2\/product_tag?post=302"}],"curies":[{"name":"wp","href":"https:\/\/api.w.org\/{rel}","templated":true}]}}