{"id":305,"date":"2025-10-23T13:23:05","date_gmt":"2025-10-23T11:23:05","guid":{"rendered":"https:\/\/actionmall.act.at\/shop\/295\/?post_type=product&#038;p=305"},"modified":"2026-02-26T11:55:19","modified_gmt":"2026-02-26T10:55:19","slug":"pirates-of-the-caribbean-5-movie-collection-dvd","status":"publish","type":"product","link":"https:\/\/actionmall.act.at\/shop\/295\/produkt\/pirates-of-the-caribbean-5-movie-collection-dvd\/","title":{"rendered":"Pirates of the Caribbean: 5 Movie Collection &#8211; DVD"},"content":{"rendered":"<p>Die \u201ePirates of the Caribbean: 5 Movie Collection\u201c umfasst alle f\u00fcnf Filme der erfolgreichen Abenteuerreihe, die die Abenteuer des charismatischen Piraten Captain Jack Sparrow erz\u00e4hlt. Die Filme kombinieren actionreiche Seeschlachten, \u00fcbernat\u00fcrliche Elemente und humorvolle Charaktere, w\u00e4hrend Jack Sparrow und seine Gef\u00e4hrten gegen Feinde und \u00fcbernat\u00fcrliche Kreaturen k\u00e4mpfen. Von der Suche nach dem Schatz des Davy Jones bis zur Begegnung mit dem legend\u00e4ren Kraken bietet die Sammlung eine spannende Mischung aus Spannung und Humor. Die Reihe ist bekannt f\u00fcr ihre beeindruckenden visuellen Effekte, mitrei\u00dfenden Geschichten und unvergesslichen Charakteren. Mit einem einzigartigen Flair und einer fesselnden Erz\u00e4hlweise hat \u201ePirates of the Caribbean\u201c die Zuschauer weltweit in ihren Bann gezogen.<\/p>\n","protected":false},"excerpt":{"rendered":"<p>Die \u201ePirates of the Caribbean: 5 Movie Collection\u201c umfasst alle f\u00fcnf Filme der erfolgreichen Abenteuerreihe, die die Abenteuer des charismatischen Piraten Captain Jack Sparrow erz\u00e4hlt. Die Filme kombinieren actionreiche Seeschlachten, \u00fcbernat\u00fcrliche Elemente und humorvolle Charaktere, w\u00e4hrend Jack Sparrow und seine Gef\u00e4hrten gegen Feinde und \u00fcbernat\u00fcrliche Kreaturen k\u00e4mpfen. Von der Suche nach dem Schatz des Davy [&hellip;]<\/p>\n","protected":false},"featured_media":306,"template":"","meta":[],"product_cat":[34],"product_tag":[],"class_list":{"0":"post-305","1":"product","2":"type-product","3":"status-publish","4":"has-post-thumbnail","6":"product_cat-autos-und-fahrzeuge","8":"first","9":"instock","10":"taxable","11":"shipping-taxable","12":"purchasable","13":"product-type-simple"},"_links":{"self":[{"href":"https:\/\/actionmall.act.at\/shop\/295\/wp-json\/wp\/v2\/product\/305"}],"collection":[{"href":"https:\/\/actionmall.act.at\/shop\/295\/wp-json\/wp\/v2\/product"}],"about":[{"href":"https:\/\/actionmall.act.at\/shop\/295\/wp-json\/wp\/v2\/types\/product"}],"wp:featuredmedia":[{"embeddable":true,"href":"https:\/\/actionmall.act.at\/shop\/295\/wp-json\/wp\/v2\/media\/306"}],"wp:attachment":[{"href":"https:\/\/actionmall.act.at\/shop\/295\/wp-json\/wp\/v2\/media?parent=305"}],"wp:term":[{"taxonomy":"product_cat","embeddable":true,"href":"https:\/\/actionmall.act.at\/shop\/295\/wp-json\/wp\/v2\/product_cat?post=305"},{"taxonomy":"product_tag","embeddable":true,"href":"https:\/\/actionmall.act.at\/shop\/295\/wp-json\/wp\/v2\/product_tag?post=305"}],"curies":[{"name":"wp","href":"https:\/\/api.w.org\/{rel}","templated":true}]}}