{"id":309,"date":"2025-10-23T13:27:29","date_gmt":"2025-10-23T11:27:29","guid":{"rendered":"https:\/\/actionmall.act.at\/shop\/295\/?post_type=product&#038;p=309"},"modified":"2026-02-26T11:54:47","modified_gmt":"2026-02-26T10:54:47","slug":"minecraft","status":"publish","type":"product","link":"https:\/\/actionmall.act.at\/shop\/295\/produkt\/minecraft\/","title":{"rendered":"Minecraft"},"content":{"rendered":"<p>\u201eMinecraft\u201c ist ein kreatives Sandbox-Spiel, in dem Spieler in einer blockbasierten Welt bauen, erkunden und \u00fcberleben k\u00f6nnen. Die Spieler k\u00f6nnen Ressourcen abbauen, verschiedene Bauwerke errichten und eine Vielzahl von Biomen entdecken, von dichten W\u00e4ldern bis hin zu tiefen Ozeanen. Im \u00dcberlebensmodus m\u00fcssen sie Nahrung finden, Gegner bek\u00e4mpfen und ihre Gesundheit verwalten, w\u00e4hrend sie im Kreativmodus unbegrenzte Ressourcen nutzen, um ihrer Fantasie freien Lauf zu lassen. Die M\u00f6glichkeit, Multiplayer-Server zu nutzen, erm\u00f6glicht es den Spielern, gemeinsam zu bauen und Abenteuer zu erleben. Mit st\u00e4ndigem Updates und einer aktiven Community bleibt \u201eMinecraft\u201c ein zeitloses und vielseitiges Spiel, das Generationen von Spielern begeistert.<\/p>\n","protected":false},"excerpt":{"rendered":"<p>\u201eMinecraft\u201c ist ein kreatives Sandbox-Spiel, in dem Spieler in einer blockbasierten Welt bauen, erkunden und \u00fcberleben k\u00f6nnen. Die Spieler k\u00f6nnen Ressourcen abbauen, verschiedene Bauwerke errichten und eine Vielzahl von Biomen entdecken, von dichten W\u00e4ldern bis hin zu tiefen Ozeanen. Im \u00dcberlebensmodus m\u00fcssen sie Nahrung finden, Gegner bek\u00e4mpfen und ihre Gesundheit verwalten, w\u00e4hrend sie im Kreativmodus [&hellip;]<\/p>\n","protected":false},"featured_media":311,"template":"","meta":[],"product_cat":[34],"product_tag":[],"class_list":{"0":"post-309","1":"product","2":"type-product","3":"status-publish","4":"has-post-thumbnail","6":"product_cat-autos-und-fahrzeuge","8":"first","9":"instock","10":"sale","11":"taxable","12":"shipping-taxable","13":"purchasable","14":"product-type-simple"},"_links":{"self":[{"href":"https:\/\/actionmall.act.at\/shop\/295\/wp-json\/wp\/v2\/product\/309"}],"collection":[{"href":"https:\/\/actionmall.act.at\/shop\/295\/wp-json\/wp\/v2\/product"}],"about":[{"href":"https:\/\/actionmall.act.at\/shop\/295\/wp-json\/wp\/v2\/types\/product"}],"wp:featuredmedia":[{"embeddable":true,"href":"https:\/\/actionmall.act.at\/shop\/295\/wp-json\/wp\/v2\/media\/311"}],"wp:attachment":[{"href":"https:\/\/actionmall.act.at\/shop\/295\/wp-json\/wp\/v2\/media?parent=309"}],"wp:term":[{"taxonomy":"product_cat","embeddable":true,"href":"https:\/\/actionmall.act.at\/shop\/295\/wp-json\/wp\/v2\/product_cat?post=309"},{"taxonomy":"product_tag","embeddable":true,"href":"https:\/\/actionmall.act.at\/shop\/295\/wp-json\/wp\/v2\/product_tag?post=309"}],"curies":[{"name":"wp","href":"https:\/\/api.w.org\/{rel}","templated":true}]}}