{"id":321,"date":"2025-10-23T14:05:30","date_gmt":"2025-10-23T12:05:30","guid":{"rendered":"https:\/\/actionmall.act.at\/shop\/295\/?post_type=product&#038;p=321"},"modified":"2025-10-23T14:05:30","modified_gmt":"2025-10-23T12:05:30","slug":"interaktive-sprachreise-kommunikationstrainer-franzoesisch","status":"publish","type":"product","link":"https:\/\/actionmall.act.at\/shop\/295\/produkt\/interaktive-sprachreise-kommunikationstrainer-franzoesisch\/","title":{"rendered":"Interaktive Sprachreise: Kommunikationstrainer &#8211; Franz\u00f6sisch"},"content":{"rendered":"<p>Eine interaktive Sprachreise als Kommunikationstrainer f\u00fcr Franz\u00f6sisch f\u00f6rdert die Sprachkenntnisse durch praxisnahe \u00dcbungen. Der Fokus liegt auf Sprechen und H\u00f6ren, um die m\u00fcndliche Kommunikation zu st\u00e4rken. Neue W\u00f6rter und grammatikalische Strukturen werden durch kontextbezogene \u00dcbungen eingef\u00fchrt. Kulturelle Aspekte der franz\u00f6sischen Sprache werden ebenfalls behandelt, um das Verst\u00e4ndnis zu vertiefen. Regelm\u00e4\u00dfiges Feedback unterst\u00fctzt die Teilnehmer dabei, ihre Kommunikationsf\u00e4higkeiten kontinuierlich zu verbessern.<\/p>\n","protected":false},"excerpt":{"rendered":"<p>Eine interaktive Sprachreise als Kommunikationstrainer f\u00fcr Franz\u00f6sisch f\u00f6rdert die Sprachkenntnisse durch praxisnahe \u00dcbungen. Der Fokus liegt auf Sprechen und H\u00f6ren, um die m\u00fcndliche Kommunikation zu st\u00e4rken. Neue W\u00f6rter und grammatikalische Strukturen werden durch kontextbezogene \u00dcbungen eingef\u00fchrt. Kulturelle Aspekte der franz\u00f6sischen Sprache werden ebenfalls behandelt, um das Verst\u00e4ndnis zu vertiefen. Regelm\u00e4\u00dfiges Feedback unterst\u00fctzt die Teilnehmer dabei, [&hellip;]<\/p>\n","protected":false},"featured_media":325,"template":"","meta":[],"product_cat":[],"product_tag":[],"class_list":{"0":"post-321","1":"product","2":"type-product","3":"status-publish","4":"has-post-thumbnail","7":"first","8":"instock","9":"taxable","10":"shipping-taxable","11":"purchasable","12":"product-type-simple"},"_links":{"self":[{"href":"https:\/\/actionmall.act.at\/shop\/295\/wp-json\/wp\/v2\/product\/321"}],"collection":[{"href":"https:\/\/actionmall.act.at\/shop\/295\/wp-json\/wp\/v2\/product"}],"about":[{"href":"https:\/\/actionmall.act.at\/shop\/295\/wp-json\/wp\/v2\/types\/product"}],"wp:featuredmedia":[{"embeddable":true,"href":"https:\/\/actionmall.act.at\/shop\/295\/wp-json\/wp\/v2\/media\/325"}],"wp:attachment":[{"href":"https:\/\/actionmall.act.at\/shop\/295\/wp-json\/wp\/v2\/media?parent=321"}],"wp:term":[{"taxonomy":"product_cat","embeddable":true,"href":"https:\/\/actionmall.act.at\/shop\/295\/wp-json\/wp\/v2\/product_cat?post=321"},{"taxonomy":"product_tag","embeddable":true,"href":"https:\/\/actionmall.act.at\/shop\/295\/wp-json\/wp\/v2\/product_tag?post=321"}],"curies":[{"name":"wp","href":"https:\/\/api.w.org\/{rel}","templated":true}]}}