{"id":340,"date":"2026-01-15T12:09:16","date_gmt":"2026-01-15T11:09:16","guid":{"rendered":"https:\/\/actionmall.act.at\/shop\/295\/?post_type=product&#038;p=340"},"modified":"2026-01-15T12:09:16","modified_gmt":"2026-01-15T11:09:16","slug":"interaktive-sprachreise-kommunikationstrainer-spanisch","status":"publish","type":"product","link":"https:\/\/actionmall.act.at\/shop\/295\/produkt\/interaktive-sprachreise-kommunikationstrainer-spanisch\/","title":{"rendered":"Interaktive Sprachreise: Kommunikationstrainer &#8211; Spanisch"},"content":{"rendered":"<p>Eine interaktive Sprachreise als Kommunikationstrainer f\u00fcr Spanisch zielt darauf ab, die Sprachkenntnisse durch aktive Teilnahme zu verbessern. Der Schwerpunkt liegt auf dem Sprechen und H\u00f6ren, um die m\u00fcndliche Kommunikation zu f\u00f6rdern. Neue Vokabeln und grammatikalische Strukturen werden durch praxisnahe \u00dcbungen erlernt. Kulturelle Elemente des spanischsprachigen Raums werden integriert, um das Verst\u00e4ndnis zu vertiefen. Regelm\u00e4\u00dfiges Feedback hilft den Teilnehmern, ihre Kommunikationsf\u00e4higkeiten gezielt weiterzuentwickeln.<\/p>\n","protected":false},"excerpt":{"rendered":"<p>Eine interaktive Sprachreise als Kommunikationstrainer f\u00fcr Spanisch zielt darauf ab, die Sprachkenntnisse durch aktive Teilnahme zu verbessern. Der Schwerpunkt liegt auf dem Sprechen und H\u00f6ren, um die m\u00fcndliche Kommunikation zu f\u00f6rdern. Neue Vokabeln und grammatikalische Strukturen werden durch praxisnahe \u00dcbungen erlernt. Kulturelle Elemente des spanischsprachigen Raums werden integriert, um das Verst\u00e4ndnis zu vertiefen. Regelm\u00e4\u00dfiges Feedback [&hellip;]<\/p>\n","protected":false},"featured_media":341,"template":"","meta":[],"product_cat":[],"product_tag":[],"class_list":{"0":"post-340","1":"product","2":"type-product","3":"status-publish","4":"has-post-thumbnail","7":"first","8":"instock","9":"taxable","10":"shipping-taxable","11":"purchasable","12":"product-type-simple"},"_links":{"self":[{"href":"https:\/\/actionmall.act.at\/shop\/295\/wp-json\/wp\/v2\/product\/340"}],"collection":[{"href":"https:\/\/actionmall.act.at\/shop\/295\/wp-json\/wp\/v2\/product"}],"about":[{"href":"https:\/\/actionmall.act.at\/shop\/295\/wp-json\/wp\/v2\/types\/product"}],"wp:featuredmedia":[{"embeddable":true,"href":"https:\/\/actionmall.act.at\/shop\/295\/wp-json\/wp\/v2\/media\/341"}],"wp:attachment":[{"href":"https:\/\/actionmall.act.at\/shop\/295\/wp-json\/wp\/v2\/media?parent=340"}],"wp:term":[{"taxonomy":"product_cat","embeddable":true,"href":"https:\/\/actionmall.act.at\/shop\/295\/wp-json\/wp\/v2\/product_cat?post=340"},{"taxonomy":"product_tag","embeddable":true,"href":"https:\/\/actionmall.act.at\/shop\/295\/wp-json\/wp\/v2\/product_tag?post=340"}],"curies":[{"name":"wp","href":"https:\/\/api.w.org\/{rel}","templated":true}]}}