{"id":346,"date":"2026-01-15T12:17:15","date_gmt":"2026-01-15T11:17:15","guid":{"rendered":"https:\/\/actionmall.act.at\/shop\/295\/?post_type=product&#038;p=346"},"modified":"2026-01-15T12:17:15","modified_gmt":"2026-01-15T11:17:15","slug":"interaktive-sprachreise-sprachkurs-englisch","status":"publish","type":"product","link":"https:\/\/actionmall.act.at\/shop\/295\/produkt\/interaktive-sprachreise-sprachkurs-englisch\/","title":{"rendered":"Interaktive Sprachreise: Sprachkurs &#8211; Englisch"},"content":{"rendered":"<p>Der interaktive Sprachreise Sprachkurs Englisch bietet eine dynamische und praxisnahe Lernumgebung f\u00fcr alle, die ihre Englischkenntnisse verbessern m\u00f6chten. Durch abwechslungsreiche \u00dcbungen, Rollenspiele und interaktive Aufgaben werden Sprachfertigkeiten in realistischen Situationen trainiert. Die Teilnehmer profitieren von modernen Lernmethoden, die H\u00f6rverst\u00e4ndnis, Sprechen, Lesen und Schreiben gleicherma\u00dfen f\u00f6rdern. Zus\u00e4tzlich erm\u00f6glicht die Integration von kulturellen Elementen, ein tieferes Verst\u00e4ndnis f\u00fcr die englischsprachige Welt zu entwickeln. Mit individueller Betreuung und regelm\u00e4\u00dfigem Feedback wird der Lernfortschritt effektiv unterst\u00fctzt und motiviert.<\/p>\n","protected":false},"excerpt":{"rendered":"<p>Der interaktive Sprachreise Sprachkurs Englisch bietet eine dynamische und praxisnahe Lernumgebung f\u00fcr alle, die ihre Englischkenntnisse verbessern m\u00f6chten. Durch abwechslungsreiche \u00dcbungen, Rollenspiele und interaktive Aufgaben werden Sprachfertigkeiten in realistischen Situationen trainiert. Die Teilnehmer profitieren von modernen Lernmethoden, die H\u00f6rverst\u00e4ndnis, Sprechen, Lesen und Schreiben gleicherma\u00dfen f\u00f6rdern. Zus\u00e4tzlich erm\u00f6glicht die Integration von kulturellen Elementen, ein tieferes Verst\u00e4ndnis [&hellip;]<\/p>\n","protected":false},"featured_media":347,"template":"","meta":[],"product_cat":[],"product_tag":[],"class_list":{"0":"post-346","1":"product","2":"type-product","3":"status-publish","4":"has-post-thumbnail","7":"first","8":"instock","9":"taxable","10":"shipping-taxable","11":"purchasable","12":"product-type-simple"},"_links":{"self":[{"href":"https:\/\/actionmall.act.at\/shop\/295\/wp-json\/wp\/v2\/product\/346"}],"collection":[{"href":"https:\/\/actionmall.act.at\/shop\/295\/wp-json\/wp\/v2\/product"}],"about":[{"href":"https:\/\/actionmall.act.at\/shop\/295\/wp-json\/wp\/v2\/types\/product"}],"wp:featuredmedia":[{"embeddable":true,"href":"https:\/\/actionmall.act.at\/shop\/295\/wp-json\/wp\/v2\/media\/347"}],"wp:attachment":[{"href":"https:\/\/actionmall.act.at\/shop\/295\/wp-json\/wp\/v2\/media?parent=346"}],"wp:term":[{"taxonomy":"product_cat","embeddable":true,"href":"https:\/\/actionmall.act.at\/shop\/295\/wp-json\/wp\/v2\/product_cat?post=346"},{"taxonomy":"product_tag","embeddable":true,"href":"https:\/\/actionmall.act.at\/shop\/295\/wp-json\/wp\/v2\/product_tag?post=346"}],"curies":[{"name":"wp","href":"https:\/\/api.w.org\/{rel}","templated":true}]}}