{"id":348,"date":"2026-01-15T12:19:07","date_gmt":"2026-01-15T11:19:07","guid":{"rendered":"https:\/\/actionmall.act.at\/shop\/295\/?post_type=product&#038;p=348"},"modified":"2026-01-15T12:19:07","modified_gmt":"2026-01-15T11:19:07","slug":"interaktive-sprachreise-sprachkurs-franzoesisch","status":"publish","type":"product","link":"https:\/\/actionmall.act.at\/shop\/295\/produkt\/interaktive-sprachreise-sprachkurs-franzoesisch\/","title":{"rendered":"Interaktive Sprachreise: Sprachkurs &#8211; Franz\u00f6sisch"},"content":{"rendered":"<p>Der interaktive Sprachreise Sprachkurs Franz\u00f6sisch bietet eine ansprechende und abwechslungsreiche Lernumgebung, um die franz\u00f6sischen Sprachkenntnisse zu vertiefen. Durch interaktive \u00dcbungen, Rollenspiele und praxisnahe Szenarien werden die Teilnehmer ermutigt, aktiv zu sprechen und zu kommunizieren. Der Kurs integriert kulturelle Elemente, um ein besseres Verst\u00e4ndnis f\u00fcr die franz\u00f6sische Kultur und Lebensweise zu f\u00f6rdern. Moderne Lernmethoden sorgen daf\u00fcr, dass alle Sprachfertigkeiten \u2013 Sprechen, H\u00f6ren, Lesen und Schreiben \u2013 effektiv trainiert werden. Mit individueller Betreuung und regelm\u00e4\u00dfigem Feedback wird der Lernfortschritt gezielt unterst\u00fctzt und gesteigert.<\/p>\n","protected":false},"excerpt":{"rendered":"<p>Der interaktive Sprachreise Sprachkurs Franz\u00f6sisch bietet eine ansprechende und abwechslungsreiche Lernumgebung, um die franz\u00f6sischen Sprachkenntnisse zu vertiefen. Durch interaktive \u00dcbungen, Rollenspiele und praxisnahe Szenarien werden die Teilnehmer ermutigt, aktiv zu sprechen und zu kommunizieren. Der Kurs integriert kulturelle Elemente, um ein besseres Verst\u00e4ndnis f\u00fcr die franz\u00f6sische Kultur und Lebensweise zu f\u00f6rdern. Moderne Lernmethoden sorgen daf\u00fcr, [&hellip;]<\/p>\n","protected":false},"featured_media":349,"template":"","meta":[],"product_cat":[],"product_tag":[],"class_list":{"0":"post-348","1":"product","2":"type-product","3":"status-publish","4":"has-post-thumbnail","7":"first","8":"instock","9":"taxable","10":"shipping-taxable","11":"purchasable","12":"product-type-simple"},"_links":{"self":[{"href":"https:\/\/actionmall.act.at\/shop\/295\/wp-json\/wp\/v2\/product\/348"}],"collection":[{"href":"https:\/\/actionmall.act.at\/shop\/295\/wp-json\/wp\/v2\/product"}],"about":[{"href":"https:\/\/actionmall.act.at\/shop\/295\/wp-json\/wp\/v2\/types\/product"}],"wp:featuredmedia":[{"embeddable":true,"href":"https:\/\/actionmall.act.at\/shop\/295\/wp-json\/wp\/v2\/media\/349"}],"wp:attachment":[{"href":"https:\/\/actionmall.act.at\/shop\/295\/wp-json\/wp\/v2\/media?parent=348"}],"wp:term":[{"taxonomy":"product_cat","embeddable":true,"href":"https:\/\/actionmall.act.at\/shop\/295\/wp-json\/wp\/v2\/product_cat?post=348"},{"taxonomy":"product_tag","embeddable":true,"href":"https:\/\/actionmall.act.at\/shop\/295\/wp-json\/wp\/v2\/product_tag?post=348"}],"curies":[{"name":"wp","href":"https:\/\/api.w.org\/{rel}","templated":true}]}}