{"id":355,"date":"2026-01-15T12:27:58","date_gmt":"2026-01-15T11:27:58","guid":{"rendered":"https:\/\/actionmall.act.at\/shop\/295\/?post_type=product&#038;p=355"},"modified":"2026-02-12T11:44:57","modified_gmt":"2026-02-12T10:44:57","slug":"kaspersky-plus-internet-security-2025-5-geraete","status":"publish","type":"product","link":"https:\/\/actionmall.act.at\/shop\/295\/produkt\/kaspersky-plus-internet-security-2025-5-geraete\/","title":{"rendered":"Kaspersky Plus Internet Security 2026 &#8211; 5 Ger\u00e4te"},"content":{"rendered":"<p>Beim Online-Banking oder -Shopping sch\u00fctzt die Sicherheitsl\u00f6sung Ihre Finanzen und Konten und auf sozialen Netzwerken Ihre Identit\u00e4t. Beim Surfen im Internet sind Sie vor Angriffen sicher. Au\u00dferdem erhalten Sie besonderen Schutz vor infizierten Dateien beim Downloaden oder Video-Streaming.<\/p>\n","protected":false},"excerpt":{"rendered":"<p>Beim Online-Banking oder -Shopping sch\u00fctzt die Sicherheitsl\u00f6sung Ihre Finanzen und Konten und auf sozialen Netzwerken Ihre Identit\u00e4t. Beim Surfen im Internet sind Sie vor Angriffen sicher. Au\u00dferdem erhalten Sie besonderen Schutz vor infizierten Dateien beim Downloaden oder Video-Streaming.<\/p>\n","protected":false},"featured_media":356,"template":"","meta":[],"product_cat":[],"product_tag":[],"class_list":{"0":"post-355","1":"product","2":"type-product","3":"status-publish","4":"has-post-thumbnail","7":"first","8":"instock","9":"taxable","10":"shipping-taxable","11":"purchasable","12":"product-type-simple"},"_links":{"self":[{"href":"https:\/\/actionmall.act.at\/shop\/295\/wp-json\/wp\/v2\/product\/355"}],"collection":[{"href":"https:\/\/actionmall.act.at\/shop\/295\/wp-json\/wp\/v2\/product"}],"about":[{"href":"https:\/\/actionmall.act.at\/shop\/295\/wp-json\/wp\/v2\/types\/product"}],"wp:featuredmedia":[{"embeddable":true,"href":"https:\/\/actionmall.act.at\/shop\/295\/wp-json\/wp\/v2\/media\/356"}],"wp:attachment":[{"href":"https:\/\/actionmall.act.at\/shop\/295\/wp-json\/wp\/v2\/media?parent=355"}],"wp:term":[{"taxonomy":"product_cat","embeddable":true,"href":"https:\/\/actionmall.act.at\/shop\/295\/wp-json\/wp\/v2\/product_cat?post=355"},{"taxonomy":"product_tag","embeddable":true,"href":"https:\/\/actionmall.act.at\/shop\/295\/wp-json\/wp\/v2\/product_tag?post=355"}],"curies":[{"name":"wp","href":"https:\/\/api.w.org\/{rel}","templated":true}]}}