{"id":358,"date":"2026-01-15T13:16:27","date_gmt":"2026-01-15T12:16:27","guid":{"rendered":"https:\/\/actionmall.act.at\/shop\/295\/?post_type=product&#038;p=358"},"modified":"2026-01-15T13:16:28","modified_gmt":"2026-01-15T12:16:28","slug":"bmd-anbu-je-ein-weiterer-user","status":"publish","type":"product","link":"https:\/\/actionmall.act.at\/shop\/295\/produkt\/bmd-anbu-je-ein-weiterer-user\/","title":{"rendered":"BMD: ANBU je ein weiterer User"},"content":{"rendered":"<p>BMD: ANBU ist ein rollenspielbasiertes Konzept, bei dem jeder zus\u00e4tzliche User ein eigenes, individuelles ANBU-Mitglied verk\u00f6rpert. Jeder Charakter besitzt eine eigene Hintergrundgeschichte, Pers\u00f6nlichkeit und spezielle F\u00e4higkeiten. Gemeinsam erf\u00fcllen die ANBU verdeckte Missionen, arbeiten im Team, treffen taktische Entscheidungen und agieren im Schatten, um ihr Dorf zu sch\u00fctzen und geheime Auftr\u00e4ge erfolgreich auszuf\u00fchren.<\/p>\n","protected":false},"excerpt":{"rendered":"<p>BMD: ANBU ist ein rollenspielbasiertes Konzept, bei dem jeder zus\u00e4tzliche User ein eigenes, individuelles ANBU-Mitglied verk\u00f6rpert. Jeder Charakter besitzt eine eigene Hintergrundgeschichte, Pers\u00f6nlichkeit und spezielle F\u00e4higkeiten. Gemeinsam erf\u00fcllen die ANBU verdeckte Missionen, arbeiten im Team, treffen taktische Entscheidungen und agieren im Schatten, um ihr Dorf zu sch\u00fctzen und geheime Auftr\u00e4ge erfolgreich auszuf\u00fchren.<\/p>\n","protected":false},"featured_media":359,"template":"","meta":[],"product_cat":[],"product_tag":[],"class_list":{"0":"post-358","1":"product","2":"type-product","3":"status-publish","4":"has-post-thumbnail","7":"first","8":"instock","9":"taxable","10":"shipping-taxable","11":"purchasable","12":"product-type-simple"},"_links":{"self":[{"href":"https:\/\/actionmall.act.at\/shop\/295\/wp-json\/wp\/v2\/product\/358"}],"collection":[{"href":"https:\/\/actionmall.act.at\/shop\/295\/wp-json\/wp\/v2\/product"}],"about":[{"href":"https:\/\/actionmall.act.at\/shop\/295\/wp-json\/wp\/v2\/types\/product"}],"wp:featuredmedia":[{"embeddable":true,"href":"https:\/\/actionmall.act.at\/shop\/295\/wp-json\/wp\/v2\/media\/359"}],"wp:attachment":[{"href":"https:\/\/actionmall.act.at\/shop\/295\/wp-json\/wp\/v2\/media?parent=358"}],"wp:term":[{"taxonomy":"product_cat","embeddable":true,"href":"https:\/\/actionmall.act.at\/shop\/295\/wp-json\/wp\/v2\/product_cat?post=358"},{"taxonomy":"product_tag","embeddable":true,"href":"https:\/\/actionmall.act.at\/shop\/295\/wp-json\/wp\/v2\/product_tag?post=358"}],"curies":[{"name":"wp","href":"https:\/\/api.w.org\/{rel}","templated":true}]}}