{"id":364,"date":"2026-01-15T14:15:33","date_gmt":"2026-01-15T13:15:33","guid":{"rendered":"https:\/\/actionmall.act.at\/shop\/295\/?post_type=product&#038;p=364"},"modified":"2026-02-12T11:43:33","modified_gmt":"2026-02-12T10:43:33","slug":"kaspersky-premium-total-security-2026-10-geraete","status":"publish","type":"product","link":"https:\/\/actionmall.act.at\/shop\/295\/produkt\/kaspersky-premium-total-security-2026-10-geraete\/","title":{"rendered":"Kaspersky Premium Total Security 2026 &#8211; 10 Ger\u00e4te"},"content":{"rendered":"<p><strong>Kaspersky Premium Total Security 2026 \u2013 10 Ger\u00e4te<\/strong> bietet umfassenden Schutz f\u00fcr bis zu zehn Ger\u00e4te, einschlie\u00dflich Windows, Mac, Android und iOS. Die Software sch\u00fctzt vor Viren, Malware, Ransomware und Phishing, sichert pers\u00f6nliche Daten und Online-Zahlungen, verwaltet Passw\u00f6rter und sch\u00fctzt die Privatsph\u00e4re. Ideal f\u00fcr Familien oder kleine Teams, die maximale Sicherheit und digitale Kontrolle suchen.<\/p>\n","protected":false},"excerpt":{"rendered":"<p>Kaspersky Premium Total Security 2026 \u2013 10 Ger\u00e4te bietet umfassenden Schutz f\u00fcr bis zu zehn Ger\u00e4te, einschlie\u00dflich Windows, Mac, Android und iOS. Die Software sch\u00fctzt vor Viren, Malware, Ransomware und Phishing, sichert pers\u00f6nliche Daten und Online-Zahlungen, verwaltet Passw\u00f6rter und sch\u00fctzt die Privatsph\u00e4re. Ideal f\u00fcr Familien oder kleine Teams, die maximale Sicherheit und digitale Kontrolle suchen.<\/p>\n","protected":false},"featured_media":365,"template":"","meta":[],"product_cat":[],"product_tag":[],"class_list":{"0":"post-364","1":"product","2":"type-product","3":"status-publish","4":"has-post-thumbnail","7":"first","8":"instock","9":"taxable","10":"shipping-taxable","11":"purchasable","12":"product-type-simple"},"_links":{"self":[{"href":"https:\/\/actionmall.act.at\/shop\/295\/wp-json\/wp\/v2\/product\/364"}],"collection":[{"href":"https:\/\/actionmall.act.at\/shop\/295\/wp-json\/wp\/v2\/product"}],"about":[{"href":"https:\/\/actionmall.act.at\/shop\/295\/wp-json\/wp\/v2\/types\/product"}],"wp:featuredmedia":[{"embeddable":true,"href":"https:\/\/actionmall.act.at\/shop\/295\/wp-json\/wp\/v2\/media\/365"}],"wp:attachment":[{"href":"https:\/\/actionmall.act.at\/shop\/295\/wp-json\/wp\/v2\/media?parent=364"}],"wp:term":[{"taxonomy":"product_cat","embeddable":true,"href":"https:\/\/actionmall.act.at\/shop\/295\/wp-json\/wp\/v2\/product_cat?post=364"},{"taxonomy":"product_tag","embeddable":true,"href":"https:\/\/actionmall.act.at\/shop\/295\/wp-json\/wp\/v2\/product_tag?post=364"}],"curies":[{"name":"wp","href":"https:\/\/api.w.org\/{rel}","templated":true}]}}