{"id":346,"date":"2026-01-19T17:54:17","date_gmt":"2026-01-19T16:54:17","guid":{"rendered":"https:\/\/actionmall.act.at\/shop\/2964\/?post_type=product&#038;p=346"},"modified":"2026-01-26T10:04:32","modified_gmt":"2026-01-26T09:04:32","slug":"visionary-victories-seiden-t-shirt","status":"publish","type":"product","link":"https:\/\/actionmall.act.at\/shop\/2964\/en\/produkt\/visionary-victories-seiden-t-shirt\/","title":{"rendered":"Visionary Victories SEIDEN-T-Shirt"},"content":{"rendered":"<p><span class=\"TextRun SCXW183647648 BCX8\" lang=\"DE-AT\" xml:lang=\"DE-AT\" data-contrast=\"none\"><span class=\"NormalTextRun SCXW183647648 BCX8\">Stylisch und komfortabel in reinem Marineblau \u2013 das Seiden-T-Shirt f\u00fcr Damen bietet ein luxuri\u00f6ses Tragegef\u00fchl und atemberaubenden Glanz. Aus hochwertiger Seide gefertigt, sorgt es f\u00fcr eine angenehme Hauttemperatur und ein besonders weiches Gef\u00fchl. Mit einem minimalistischen Design und eleganter Passform ist es perfekt f\u00fcr jeden Anlass, vom Sport bis hin zu entspannten Freizeitlooks.<\/span><\/span><span class=\"EOP SCXW183647648 BCX8\" data-ccp-props=\"{\">\u00a0<\/span><\/p>\n<p><strong><span class=\"TextRun SCXW13578629 BCX8\" lang=\"DE-AT\" xml:lang=\"DE-AT\" data-contrast=\"none\"><span class=\"NormalTextRun SCXW13578629 BCX8\" data-ccp-charstyle=\"apple-converted-space\" data-ccp-charstyle-defn=\"{\">Verf\u00fcgbare Gr\u00f6\u00dfen:<\/span><\/span><span class=\"TextRun SCXW13578629 BCX8\" lang=\"DE-AT\" xml:lang=\"DE-AT\" data-contrast=\"none\"><span class=\"NormalTextRun SCXW13578629 BCX8\" data-ccp-charstyle=\"apple-converted-space\">\u00a0XS, S, M, L, XL<\/span><\/span><\/strong><\/p>\n","protected":false},"excerpt":{"rendered":"<p>Stylisch und komfortabel in reinem Marineblau \u2013 das Seiden-T-Shirt f\u00fcr Damen bietet ein luxuri\u00f6ses Tragegef\u00fchl und atemberaubenden Glanz. Aus hochwertiger Seide gefertigt, sorgt es f\u00fcr eine angenehme Hauttemperatur und ein besonders weiches Gef\u00fchl. Mit einem minimalistischen Design und eleganter Passform ist es perfekt f\u00fcr jeden Anlass, vom Sport bis hin zu entspannten Freizeitlooks.\u00a0 Verf\u00fcgbare Gr\u00f6\u00dfen:\u00a0XS, [&hellip;]<\/p>\n","protected":false},"featured_media":347,"template":"","meta":[],"product_cat":[],"product_tag":[],"class_list":{"0":"post-346","1":"product","2":"type-product","3":"status-publish","4":"has-post-thumbnail","7":"first","8":"instock","9":"taxable","10":"shipping-taxable","11":"purchasable","12":"product-type-simple"},"_links":{"self":[{"href":"https:\/\/actionmall.act.at\/shop\/2964\/en\/wp-json\/wp\/v2\/product\/346"}],"collection":[{"href":"https:\/\/actionmall.act.at\/shop\/2964\/en\/wp-json\/wp\/v2\/product"}],"about":[{"href":"https:\/\/actionmall.act.at\/shop\/2964\/en\/wp-json\/wp\/v2\/types\/product"}],"wp:featuredmedia":[{"embeddable":true,"href":"https:\/\/actionmall.act.at\/shop\/2964\/en\/wp-json\/wp\/v2\/media\/347"}],"wp:attachment":[{"href":"https:\/\/actionmall.act.at\/shop\/2964\/en\/wp-json\/wp\/v2\/media?parent=346"}],"wp:term":[{"taxonomy":"product_cat","embeddable":true,"href":"https:\/\/actionmall.act.at\/shop\/2964\/en\/wp-json\/wp\/v2\/product_cat?post=346"},{"taxonomy":"product_tag","embeddable":true,"href":"https:\/\/actionmall.act.at\/shop\/2964\/en\/wp-json\/wp\/v2\/product_tag?post=346"}],"curies":[{"name":"wp","href":"https:\/\/api.w.org\/{rel}","templated":true}]}}