{"id":353,"date":"2026-01-19T18:09:49","date_gmt":"2026-01-19T17:09:49","guid":{"rendered":"https:\/\/actionmall.act.at\/shop\/2964\/?post_type=product&#038;p=353"},"modified":"2026-01-26T10:03:41","modified_gmt":"2026-01-26T09:03:41","slug":"visionary-victories-tanktop-women","status":"publish","type":"product","link":"https:\/\/actionmall.act.at\/shop\/2964\/en\/produkt\/visionary-victories-tanktop-women\/","title":{"rendered":"Visionary Victories TANKTOP Women"},"content":{"rendered":"<p><span class=\"TextRun SCXW245229219 BCX8\" lang=\"DE-AT\" xml:lang=\"DE-AT\" data-contrast=\"none\"><span class=\"NormalTextRun SCXW245229219 BCX8\">Unser<\/span><span class=\"NormalTextRun SCXW245229219 BCX8\" data-ccp-charstyle=\"apple-converted-space\" data-ccp-charstyle-defn=\"{\">\u00a0<\/span><\/span><span class=\"TextRun SCXW245229219 BCX8\" lang=\"DE-AT\" xml:lang=\"DE-AT\" data-contrast=\"none\"><span class=\"NormalTextRun SpellingErrorV2Themed SCXW245229219 BCX8\" data-ccp-charstyle=\"Strong\">Visionary<\/span><span class=\"NormalTextRun SCXW245229219 BCX8\" data-ccp-charstyle=\"Strong\">\u00a0<\/span><span class=\"NormalTextRun SpellingErrorV2Themed SCXW245229219 BCX8\" data-ccp-charstyle=\"Strong\">Victories<\/span><span class=\"NormalTextRun SCXW245229219 BCX8\" data-ccp-charstyle=\"Strong\">\u00a0Tanktop<\/span><\/span><span class=\"TextRun SCXW245229219 BCX8\" lang=\"DE-AT\" xml:lang=\"DE-AT\" data-contrast=\"none\"><span class=\"NormalTextRun SCXW245229219 BCX8\" data-ccp-charstyle=\"apple-converted-space\">\u00a0f\u00fcr Damen\u00a0<\/span><span class=\"NormalTextRun SCXW245229219 BCX8\">passt sich perfekt der Figur an und bietet einen sportlichen, figurbetonten Schnitt. Es ist in vier Farben erh\u00e4ltlich und garantiert dank seines elastischen Materials hohen Komfort und Flexibilit\u00e4t bei jeder Bewegung.<\/span><\/span><span class=\"EOP SCXW245229219 BCX8\" data-ccp-props=\"{\">\u00a0<\/span><\/p>\n<p><strong><span class=\"TextRun SCXW112350748 BCX8\" lang=\"DE-AT\" xml:lang=\"DE-AT\" data-contrast=\"none\"><span class=\"NormalTextRun SCXW112350748 BCX8\">Verf\u00fcgbare Gr\u00f6\u00dfen:<\/span><\/span><span class=\"TextRun SCXW112350748 BCX8\" lang=\"DE-AT\" xml:lang=\"DE-AT\" data-contrast=\"none\"><span class=\"NormalTextRun SCXW112350748 BCX8\">\u00a0XS, S, M, L, XL<\/span><\/span><span class=\"EOP SCXW112350748 BCX8\" data-ccp-props=\"{\">\u00a0<\/span><\/strong><\/p>\n<p><strong>Weitere Farben:<\/strong><img loading=\"lazy\" decoding=\"async\" class=\"alignnone size-full wp-image-362\" src=\"https:\/\/actionmall.act.at\/shop\/2964\/wp-content\/uploads\/2026\/01\/Screenshot-2026-01-19-182538-Farben.png\" alt=\"\" width=\"98\" height=\"22\" \/><\/p>\n","protected":false},"excerpt":{"rendered":"<p>Unser\u00a0Visionary\u00a0Victories\u00a0Tanktop\u00a0f\u00fcr Damen\u00a0passt sich perfekt der Figur an und bietet einen sportlichen, figurbetonten Schnitt. Es ist in vier Farben erh\u00e4ltlich und garantiert dank seines elastischen Materials hohen Komfort und Flexibilit\u00e4t bei jeder Bewegung.\u00a0 Verf\u00fcgbare Gr\u00f6\u00dfen:\u00a0XS, S, M, L, XL\u00a0 Weitere Farben:<\/p>\n","protected":false},"featured_media":291,"template":"","meta":[],"product_cat":[],"product_tag":[],"class_list":{"0":"post-353","1":"product","2":"type-product","3":"status-publish","4":"has-post-thumbnail","7":"first","8":"instock","9":"taxable","10":"shipping-taxable","11":"purchasable","12":"product-type-simple"},"_links":{"self":[{"href":"https:\/\/actionmall.act.at\/shop\/2964\/en\/wp-json\/wp\/v2\/product\/353"}],"collection":[{"href":"https:\/\/actionmall.act.at\/shop\/2964\/en\/wp-json\/wp\/v2\/product"}],"about":[{"href":"https:\/\/actionmall.act.at\/shop\/2964\/en\/wp-json\/wp\/v2\/types\/product"}],"wp:featuredmedia":[{"embeddable":true,"href":"https:\/\/actionmall.act.at\/shop\/2964\/en\/wp-json\/wp\/v2\/media\/291"}],"wp:attachment":[{"href":"https:\/\/actionmall.act.at\/shop\/2964\/en\/wp-json\/wp\/v2\/media?parent=353"}],"wp:term":[{"taxonomy":"product_cat","embeddable":true,"href":"https:\/\/actionmall.act.at\/shop\/2964\/en\/wp-json\/wp\/v2\/product_cat?post=353"},{"taxonomy":"product_tag","embeddable":true,"href":"https:\/\/actionmall.act.at\/shop\/2964\/en\/wp-json\/wp\/v2\/product_tag?post=353"}],"curies":[{"name":"wp","href":"https:\/\/api.w.org\/{rel}","templated":true}]}}