{"id":354,"date":"2026-01-19T18:12:39","date_gmt":"2026-01-19T17:12:39","guid":{"rendered":"https:\/\/actionmall.act.at\/shop\/2964\/?post_type=product&#038;p=354"},"modified":"2026-01-26T10:03:26","modified_gmt":"2026-01-26T09:03:26","slug":"visionary-victories-jogginghose","status":"publish","type":"product","link":"https:\/\/actionmall.act.at\/shop\/2964\/en\/produkt\/visionary-victories-jogginghose\/","title":{"rendered":"Visionary Victories JOGGINGHOSE"},"content":{"rendered":"<p><span class=\"TextRun SCXW79491611 BCX8\" lang=\"DE-AT\" xml:lang=\"DE-AT\" data-contrast=\"none\"><span class=\"NormalTextRun SCXW79491611 BCX8\">Die<\/span><span class=\"NormalTextRun SCXW79491611 BCX8\" data-ccp-charstyle=\"apple-converted-space\" data-ccp-charstyle-defn=\"{\">\u00a0<\/span><\/span><span class=\"TextRun SCXW79491611 BCX8\" lang=\"DE-AT\" xml:lang=\"DE-AT\" data-contrast=\"none\"><span class=\"NormalTextRun SpellingErrorV2Themed SCXW79491611 BCX8\" data-ccp-charstyle=\"Strong\">Visionary<\/span><span class=\"NormalTextRun SCXW79491611 BCX8\" data-ccp-charstyle=\"Strong\">\u00a0<\/span><span class=\"NormalTextRun SpellingErrorV2Themed SCXW79491611 BCX8\" data-ccp-charstyle=\"Strong\">Victories<\/span><span class=\"NormalTextRun SCXW79491611 BCX8\" data-ccp-charstyle=\"Strong\">\u00a0Jogginghose<\/span><\/span><span class=\"TextRun SCXW79491611 BCX8\" lang=\"DE-AT\" xml:lang=\"DE-AT\" data-contrast=\"none\"><span class=\"NormalTextRun SCXW79491611 BCX8\" data-ccp-charstyle=\"apple-converted-space\">\u00a0b<\/span><span class=\"NormalTextRun SCXW79491611 BCX8\">ietet eine lockere, dennoch moderne Passform. Erh\u00e4ltlich in vier Farben, kombiniert sie stilvolles Design mit hochwertigem Komfort und eignet sich ideal f\u00fcr sportliche Aktivit\u00e4ten.<\/span><\/span><span class=\"EOP SCXW79491611 BCX8\" data-ccp-props=\"{\">\u00a0<\/span><\/p>\n<p><strong><span class=\"TextRun SCXW108250405 BCX8\" lang=\"DE-AT\" xml:lang=\"DE-AT\" data-contrast=\"none\"><span class=\"NormalTextRun SCXW108250405 BCX8\">Verf\u00fcgbare Gr\u00f6\u00dfen:<\/span><\/span><span class=\"TextRun SCXW108250405 BCX8\" lang=\"DE-AT\" xml:lang=\"DE-AT\" data-contrast=\"none\"><span class=\"NormalTextRun SCXW108250405 BCX8\">\u00a0XS, S, M, L, XL<\/span><\/span><span class=\"EOP SCXW108250405 BCX8\" data-ccp-props=\"{\">\u00a0<\/span><\/strong><\/p>\n<p><strong>Weitere Farben:<\/strong><img loading=\"lazy\" decoding=\"async\" class=\"alignnone size-full wp-image-362\" src=\"https:\/\/actionmall.act.at\/shop\/2964\/wp-content\/uploads\/2026\/01\/Screenshot-2026-01-19-182538-Farben.png\" alt=\"\" width=\"98\" height=\"22\" \/><\/p>\n","protected":false},"excerpt":{"rendered":"<p>Die\u00a0Visionary\u00a0Victories\u00a0Jogginghose\u00a0bietet eine lockere, dennoch moderne Passform. Erh\u00e4ltlich in vier Farben, kombiniert sie stilvolles Design mit hochwertigem Komfort und eignet sich ideal f\u00fcr sportliche Aktivit\u00e4ten.\u00a0 Verf\u00fcgbare Gr\u00f6\u00dfen:\u00a0XS, S, M, L, XL\u00a0 Weitere Farben:<\/p>\n","protected":false},"featured_media":0,"template":"","meta":[],"product_cat":[],"product_tag":[],"class_list":{"0":"post-354","1":"product","2":"type-product","3":"status-publish","6":"first","7":"instock","8":"taxable","9":"shipping-taxable","10":"purchasable","11":"product-type-simple"},"_links":{"self":[{"href":"https:\/\/actionmall.act.at\/shop\/2964\/en\/wp-json\/wp\/v2\/product\/354"}],"collection":[{"href":"https:\/\/actionmall.act.at\/shop\/2964\/en\/wp-json\/wp\/v2\/product"}],"about":[{"href":"https:\/\/actionmall.act.at\/shop\/2964\/en\/wp-json\/wp\/v2\/types\/product"}],"wp:attachment":[{"href":"https:\/\/actionmall.act.at\/shop\/2964\/en\/wp-json\/wp\/v2\/media?parent=354"}],"wp:term":[{"taxonomy":"product_cat","embeddable":true,"href":"https:\/\/actionmall.act.at\/shop\/2964\/en\/wp-json\/wp\/v2\/product_cat?post=354"},{"taxonomy":"product_tag","embeddable":true,"href":"https:\/\/actionmall.act.at\/shop\/2964\/en\/wp-json\/wp\/v2\/product_tag?post=354"}],"curies":[{"name":"wp","href":"https:\/\/api.w.org\/{rel}","templated":true}]}}