{"id":358,"date":"2026-01-19T18:21:39","date_gmt":"2026-01-19T17:21:39","guid":{"rendered":"https:\/\/actionmall.act.at\/shop\/2964\/?post_type=product&#038;p=358"},"modified":"2026-01-26T10:02:30","modified_gmt":"2026-01-26T09:02:30","slug":"visionary-victories-muetze","status":"publish","type":"product","link":"https:\/\/actionmall.act.at\/shop\/2964\/en\/produkt\/visionary-victories-muetze\/","title":{"rendered":"Visionary Victories M\u00dcTZE"},"content":{"rendered":"<p><span class=\"TextRun SCXW88638100 BCX8\" lang=\"DE-AT\" xml:lang=\"DE-AT\" data-contrast=\"auto\"><span class=\"NormalTextRun SCXW88638100 BCX8\">Die<\/span><span class=\"NormalTextRun SCXW88638100 BCX8\">\u00a0<\/span><span class=\"NormalTextRun SpellingErrorV2Themed SCXW88638100 BCX8\">Visionary<\/span><span class=\"NormalTextRun SCXW88638100 BCX8\">\u00a0<\/span><span class=\"NormalTextRun SpellingErrorV2Themed SCXW88638100 BCX8\">Victories<\/span><span class=\"NormalTextRun SCXW88638100 BCX8\">\u00a0M\u00fctze<\/span><span class=\"NormalTextRun SCXW88638100 BCX8\">\u00a0<\/span><span class=\"NormalTextRun SCXW88638100 BCX8\">bietet kuschelige W\u00e4rme und einen sportlichen Look. Erh\u00e4ltlich in vier Farben, sorgt sie mit ihrem weichen Material f\u00fcr Komfort und sch\u00fctzt zuverl\u00e4ssig vor der K\u00e4lte. Perfekt f\u00fcr Outdoor-Aktivit\u00e4ten oder den t\u00e4glichen Gebrauch bei k\u00fchlem Wetter.<\/span><\/span><span class=\"EOP SCXW88638100 BCX8\" data-ccp-props=\"{\">\u00a0<\/span><\/p>\n<p>&nbsp;<\/p>\n","protected":false},"excerpt":{"rendered":"<p>Die\u00a0Visionary\u00a0Victories\u00a0M\u00fctze\u00a0bietet kuschelige W\u00e4rme und einen sportlichen Look. Erh\u00e4ltlich in vier Farben, sorgt sie mit ihrem weichen Material f\u00fcr Komfort und sch\u00fctzt zuverl\u00e4ssig vor der K\u00e4lte. Perfekt f\u00fcr Outdoor-Aktivit\u00e4ten oder den t\u00e4glichen Gebrauch bei k\u00fchlem Wetter.\u00a0 &nbsp;<\/p>\n","protected":false},"featured_media":359,"template":"","meta":[],"product_cat":[],"product_tag":[],"class_list":{"0":"post-358","1":"product","2":"type-product","3":"status-publish","4":"has-post-thumbnail","7":"first","8":"instock","9":"taxable","10":"shipping-taxable","11":"purchasable","12":"product-type-simple"},"_links":{"self":[{"href":"https:\/\/actionmall.act.at\/shop\/2964\/en\/wp-json\/wp\/v2\/product\/358"}],"collection":[{"href":"https:\/\/actionmall.act.at\/shop\/2964\/en\/wp-json\/wp\/v2\/product"}],"about":[{"href":"https:\/\/actionmall.act.at\/shop\/2964\/en\/wp-json\/wp\/v2\/types\/product"}],"wp:featuredmedia":[{"embeddable":true,"href":"https:\/\/actionmall.act.at\/shop\/2964\/en\/wp-json\/wp\/v2\/media\/359"}],"wp:attachment":[{"href":"https:\/\/actionmall.act.at\/shop\/2964\/en\/wp-json\/wp\/v2\/media?parent=358"}],"wp:term":[{"taxonomy":"product_cat","embeddable":true,"href":"https:\/\/actionmall.act.at\/shop\/2964\/en\/wp-json\/wp\/v2\/product_cat?post=358"},{"taxonomy":"product_tag","embeddable":true,"href":"https:\/\/actionmall.act.at\/shop\/2964\/en\/wp-json\/wp\/v2\/product_tag?post=358"}],"curies":[{"name":"wp","href":"https:\/\/api.w.org\/{rel}","templated":true}]}}