{"id":418,"date":"2026-05-08T09:38:59","date_gmt":"2026-05-08T07:38:59","guid":{"rendered":"https:\/\/actionmall.act.at\/shop\/2964\/?post_type=product&#038;p=418"},"modified":"2026-05-08T09:38:59","modified_gmt":"2026-05-08T07:38:59","slug":"apple-macbook-pro-13-2018","status":"publish","type":"product","link":"https:\/\/actionmall.act.at\/shop\/2964\/en\/produkt\/apple-macbook-pro-13-2018\/","title":{"rendered":"Apple MacBook Pro 13&#8243; (2018)"},"content":{"rendered":"<p><strong>Bildschirmgr\u00f6\u00dfe:\u00a0<\/strong>15,6&#8243;<\/p>\n<p><strong>Speicher:\u00a0<\/strong>8 Gigabyte<\/p>\n<p><strong>Bildqualit\u00e4t:\u00a0\u00a0<\/strong>Full-HD<\/p>\n","protected":false},"excerpt":{"rendered":"<p>Das neue MacBook Pro kommt mit Quad-Core Intel Core Prozessoren, die bis zu doppelt so schnell arbeiten. Einem brillianten Retina isplay mit noch mehr Farben und True Tone Technologie f\u00fcr lebensechter Bildqualit\u00e4t. Und der vielseitigen Touch bar, um noch produktiver zu sein. Es ist das leistungsst\u00e4rkste 13&#8243; NoteBoook von Apple.<\/p>\n","protected":false},"featured_media":419,"template":"","meta":[],"product_cat":[58],"product_tag":[],"class_list":{"0":"post-418","1":"product","2":"type-product","3":"status-publish","4":"has-post-thumbnail","6":"product_cat-it-und-elektronik","8":"first","9":"instock","10":"taxable","11":"shipping-taxable","12":"purchasable","13":"product-type-simple"},"_links":{"self":[{"href":"https:\/\/actionmall.act.at\/shop\/2964\/en\/wp-json\/wp\/v2\/product\/418"}],"collection":[{"href":"https:\/\/actionmall.act.at\/shop\/2964\/en\/wp-json\/wp\/v2\/product"}],"about":[{"href":"https:\/\/actionmall.act.at\/shop\/2964\/en\/wp-json\/wp\/v2\/types\/product"}],"wp:featuredmedia":[{"embeddable":true,"href":"https:\/\/actionmall.act.at\/shop\/2964\/en\/wp-json\/wp\/v2\/media\/419"}],"wp:attachment":[{"href":"https:\/\/actionmall.act.at\/shop\/2964\/en\/wp-json\/wp\/v2\/media?parent=418"}],"wp:term":[{"taxonomy":"product_cat","embeddable":true,"href":"https:\/\/actionmall.act.at\/shop\/2964\/en\/wp-json\/wp\/v2\/product_cat?post=418"},{"taxonomy":"product_tag","embeddable":true,"href":"https:\/\/actionmall.act.at\/shop\/2964\/en\/wp-json\/wp\/v2\/product_tag?post=418"}],"curies":[{"name":"wp","href":"https:\/\/api.w.org\/{rel}","templated":true}]}}