{"id":428,"date":"2026-05-08T09:59:45","date_gmt":"2026-05-08T07:59:45","guid":{"rendered":"https:\/\/actionmall.act.at\/shop\/2964\/?post_type=product&#038;p=428"},"modified":"2026-05-08T09:59:45","modified_gmt":"2026-05-08T07:59:45","slug":"samsung-fernseher-40nu7190-2018","status":"publish","type":"product","link":"https:\/\/actionmall.act.at\/shop\/2964\/en\/produkt\/samsung-fernseher-40nu7190-2018\/","title":{"rendered":"SAMSUNG Fernseher 40NU7190 2018"},"content":{"rendered":"<p><b><span data-contrast=\"auto\">Ger\u00e4tetyp<\/span><\/b> <span data-contrast=\"auto\">LED Tv<\/span><span data-ccp-props=\"{\"201341983\":0,\"335559739\":0,\"335559740\":240,\"469777462\":[2835],\"469777927\":[0],\"469777928\":[1]}\">\u00a0<\/span><\/p>\n<p><b><span data-contrast=\"auto\">Bildschirmdiagonale<\/span><\/b> <span data-contrast=\"auto\">40 Zoll<\/span><span data-ccp-props=\"{\"201341983\":0,\"335559739\":0,\"335559740\":240,\"469777462\":[2835],\"469777927\":[0],\"469777928\":[1]}\">\u00a0<\/span><\/p>\n<p><b><span data-contrast=\"auto\">Bildqualit\u00e4t<\/span><\/b> <span data-contrast=\"auto\">UHD 4K<\/span><span data-ccp-props=\"{\"201341983\":0,\"335559739\":0,\"335559740\":240,\"469777462\":[2835],\"469777927\":[0],\"469777928\":[1]}\">\u00a0<\/span><\/p>\n","protected":false},"excerpt":{"rendered":"<p><span data-contrast=\"auto\">Genie\u00dfen Sie pr\u00e4zise, klare Bilder mit 4K UHD TV und 4x mehr Pixeln als FHD TV. Jetzt k\u00f6nnen Sie selbst die kleinsten Details in jeder Szene sehen.<\/span><span data-ccp-props=\"{}\">\u00a0<\/span><\/p>\n","protected":false},"featured_media":429,"template":"","meta":[],"product_cat":[58],"product_tag":[],"class_list":{"0":"post-428","1":"product","2":"type-product","3":"status-publish","4":"has-post-thumbnail","6":"product_cat-it-und-elektronik","8":"first","9":"instock","10":"taxable","11":"shipping-taxable","12":"purchasable","13":"product-type-simple"},"_links":{"self":[{"href":"https:\/\/actionmall.act.at\/shop\/2964\/en\/wp-json\/wp\/v2\/product\/428"}],"collection":[{"href":"https:\/\/actionmall.act.at\/shop\/2964\/en\/wp-json\/wp\/v2\/product"}],"about":[{"href":"https:\/\/actionmall.act.at\/shop\/2964\/en\/wp-json\/wp\/v2\/types\/product"}],"wp:featuredmedia":[{"embeddable":true,"href":"https:\/\/actionmall.act.at\/shop\/2964\/en\/wp-json\/wp\/v2\/media\/429"}],"wp:attachment":[{"href":"https:\/\/actionmall.act.at\/shop\/2964\/en\/wp-json\/wp\/v2\/media?parent=428"}],"wp:term":[{"taxonomy":"product_cat","embeddable":true,"href":"https:\/\/actionmall.act.at\/shop\/2964\/en\/wp-json\/wp\/v2\/product_cat?post=428"},{"taxonomy":"product_tag","embeddable":true,"href":"https:\/\/actionmall.act.at\/shop\/2964\/en\/wp-json\/wp\/v2\/product_tag?post=428"}],"curies":[{"name":"wp","href":"https:\/\/api.w.org\/{rel}","templated":true}]}}