{"id":432,"date":"2026-05-08T10:04:25","date_gmt":"2026-05-08T08:04:25","guid":{"rendered":"https:\/\/actionmall.act.at\/shop\/2964\/?post_type=product&#038;p=432"},"modified":"2026-05-08T10:04:25","modified_gmt":"2026-05-08T08:04:25","slug":"philips-fernseher-43pfs5803-12","status":"publish","type":"product","link":"https:\/\/actionmall.act.at\/shop\/2964\/en\/produkt\/philips-fernseher-43pfs5803-12\/","title":{"rendered":"PHILIPS Fernseher 43PFS5803\/12"},"content":{"rendered":"<p><b><span data-contrast=\"auto\">Ger\u00e4tetyp<\/span><\/b> <span data-contrast=\"auto\">Fernseher<\/span><span data-contrast=\"auto\">\u00a0<\/span><span data-ccp-props=\"{\"201341983\":0,\"335559739\":0,\"335559740\":240,\"469777462\":[2835],\"469777927\":[0],\"469777928\":[1]}\">\u00a0<\/span><\/p>\n<p><b><span data-contrast=\"auto\">Bildschirmdiagonale<\/span><\/b> <span data-contrast=\"auto\">43 Zoll<\/span><span data-contrast=\"auto\">\u00a0<\/span><span data-ccp-props=\"{\"201341983\":0,\"335559739\":0,\"335559740\":240,\"469777462\":[2835],\"469777927\":[0],\"469777928\":[1]}\">\u00a0<\/span><\/p>\n<p><b><span data-contrast=\"auto\">Bildqualit\u00e4t<\/span><\/b> <span data-contrast=\"auto\">Full-HD<\/span><span data-ccp-props=\"{\"201341983\":0,\"335559739\":0,\"335559740\":240,\"469777462\":[2835],\"469777927\":[0],\"469777928\":[1]}\">\u00a0<\/span><\/p>\n","protected":false},"excerpt":{"rendered":"<p><span data-contrast=\"auto\">Philips Pixel Plus HD optimiert die Bildqualit\u00e4t f\u00fcr gestochen scharfe Bilder mit tollen Kontrasten. Egal ob Sie Online-Inhalte streamen oder eine Disc ansehen, Sie erhalten immer sch\u00e4rfere Bilder mit dunkleren Schwarz- und helleren Wei\u00dft\u00f6nen.<\/span><span data-ccp-props=\"{}\">\u00a0<\/span><\/p>\n","protected":false},"featured_media":433,"template":"","meta":[],"product_cat":[58],"product_tag":[],"class_list":{"0":"post-432","1":"product","2":"type-product","3":"status-publish","4":"has-post-thumbnail","6":"product_cat-it-und-elektronik","8":"first","9":"instock","10":"taxable","11":"shipping-taxable","12":"purchasable","13":"product-type-simple"},"_links":{"self":[{"href":"https:\/\/actionmall.act.at\/shop\/2964\/en\/wp-json\/wp\/v2\/product\/432"}],"collection":[{"href":"https:\/\/actionmall.act.at\/shop\/2964\/en\/wp-json\/wp\/v2\/product"}],"about":[{"href":"https:\/\/actionmall.act.at\/shop\/2964\/en\/wp-json\/wp\/v2\/types\/product"}],"wp:featuredmedia":[{"embeddable":true,"href":"https:\/\/actionmall.act.at\/shop\/2964\/en\/wp-json\/wp\/v2\/media\/433"}],"wp:attachment":[{"href":"https:\/\/actionmall.act.at\/shop\/2964\/en\/wp-json\/wp\/v2\/media?parent=432"}],"wp:term":[{"taxonomy":"product_cat","embeddable":true,"href":"https:\/\/actionmall.act.at\/shop\/2964\/en\/wp-json\/wp\/v2\/product_cat?post=432"},{"taxonomy":"product_tag","embeddable":true,"href":"https:\/\/actionmall.act.at\/shop\/2964\/en\/wp-json\/wp\/v2\/product_tag?post=432"}],"curies":[{"name":"wp","href":"https:\/\/api.w.org\/{rel}","templated":true}]}}