{"id":337,"date":"2026-01-19T10:57:18","date_gmt":"2026-01-19T09:57:18","guid":{"rendered":"https:\/\/actionmall.act.at\/shop\/2964\/?post_type=product&#038;p=337"},"modified":"2026-01-26T10:05:58","modified_gmt":"2026-01-26T09:05:58","slug":"vision-sports-t-shirt","status":"publish","type":"product","link":"https:\/\/actionmall.act.at\/shop\/2964\/produkt\/vision-sports-t-shirt\/","title":{"rendered":"Vision Sports T-Shirt"},"content":{"rendered":"<p><span class=\"TextRun SCXW115565772 BCX0\" lang=\"DE-AT\" xml:lang=\"DE-AT\" data-contrast=\"none\"><span class=\"NormalTextRun SCXW115565772 BCX0\">Unser \u201eVision Sports T-Shirt\u201c besteht aus hochwertiger Baumwolle und \u00fcberzeugt durch seine exzellente Qualit\u00e4t. Erh\u00e4ltlich in\u00a0<\/span><span class=\"NormalTextRun SCXW115565772 BCX0\">vier<\/span><span class=\"NormalTextRun SCXW115565772 BCX0\">\u00a0Farben, ist es ein echter Hingucker f\u00fcr alle Sportbegeisterten.<\/span><\/span><span class=\"EOP SCXW115565772 BCX0\" data-ccp-props=\"{\">\u00a0<\/span><\/p>\n<p><strong><span class=\"TextRun SCXW244696027 BCX8\" lang=\"DE-AT\" xml:lang=\"DE-AT\" data-contrast=\"none\"><span class=\"NormalTextRun SCXW244696027 BCX8\">Verf\u00fcgbare\u00a0<\/span><span class=\"NormalTextRun ContextualSpellingAndGrammarErrorV2Themed SCXW244696027 BCX8\">Gr\u00f6\u00dfen:<\/span><\/span> <span class=\"TextRun SCXW244696027 BCX8\" lang=\"DE-AT\" xml:lang=\"DE-AT\" data-contrast=\"none\"><span class=\"NormalTextRun SCXW244696027 BCX8\">XS, S, M, L, XL<\/span><\/span><\/strong><\/p>\n<p><strong><span class=\"NormalTextRun SCXW101578994 BCX8\">Weitere<\/span><span class=\"NormalTextRun SCXW101578994 BCX8\">\u00a0Farben:<\/span><\/strong><img loading=\"lazy\" decoding=\"async\" class=\"alignnone size-full wp-image-362\" src=\"https:\/\/actionmall.act.at\/shop\/2964\/wp-content\/uploads\/2026\/01\/Screenshot-2026-01-19-182538-Farben.png\" alt=\"\" width=\"98\" height=\"22\" \/><\/p>\n<p>&nbsp;<\/p>\n","protected":false},"excerpt":{"rendered":"<p>Unser \u201eVision Sports T-Shirt\u201c besteht aus hochwertiger Baumwolle und \u00fcberzeugt durch seine exzellente Qualit\u00e4t. Erh\u00e4ltlich in\u00a0vier\u00a0Farben, ist es ein echter Hingucker f\u00fcr alle Sportbegeisterten.\u00a0 Verf\u00fcgbare\u00a0Gr\u00f6\u00dfen: XS, S, M, L, XL Weitere\u00a0Farben: &nbsp;<\/p>\n","protected":false},"featured_media":261,"template":"","meta":[],"product_cat":[],"product_tag":[],"class_list":{"0":"post-337","1":"product","2":"type-product","3":"status-publish","4":"has-post-thumbnail","7":"first","8":"instock","9":"taxable","10":"shipping-taxable","11":"purchasable","12":"product-type-simple"},"_links":{"self":[{"href":"https:\/\/actionmall.act.at\/shop\/2964\/wp-json\/wp\/v2\/product\/337"}],"collection":[{"href":"https:\/\/actionmall.act.at\/shop\/2964\/wp-json\/wp\/v2\/product"}],"about":[{"href":"https:\/\/actionmall.act.at\/shop\/2964\/wp-json\/wp\/v2\/types\/product"}],"wp:featuredmedia":[{"embeddable":true,"href":"https:\/\/actionmall.act.at\/shop\/2964\/wp-json\/wp\/v2\/media\/261"}],"wp:attachment":[{"href":"https:\/\/actionmall.act.at\/shop\/2964\/wp-json\/wp\/v2\/media?parent=337"}],"wp:term":[{"taxonomy":"product_cat","embeddable":true,"href":"https:\/\/actionmall.act.at\/shop\/2964\/wp-json\/wp\/v2\/product_cat?post=337"},{"taxonomy":"product_tag","embeddable":true,"href":"https:\/\/actionmall.act.at\/shop\/2964\/wp-json\/wp\/v2\/product_tag?post=337"}],"curies":[{"name":"wp","href":"https:\/\/api.w.org\/{rel}","templated":true}]}}