{"id":339,"date":"2026-01-19T11:04:19","date_gmt":"2026-01-19T10:04:19","guid":{"rendered":"https:\/\/actionmall.act.at\/shop\/2964\/?post_type=product&#038;p=339"},"modified":"2026-01-26T10:05:43","modified_gmt":"2026-01-26T09:05:43","slug":"visionary-victories-hoodie","status":"publish","type":"product","link":"https:\/\/actionmall.act.at\/shop\/2964\/produkt\/visionary-victories-hoodie\/","title":{"rendered":"Visionary Victories Hoodie"},"content":{"rendered":"<p><span class=\"TextRun SCXW21154920 BCX0\" lang=\"DE-AT\" xml:lang=\"DE-AT\" data-contrast=\"none\"><span class=\"NormalTextRun SCXW21154920 BCX0\">Der\u00a0<\/span><span class=\"NormalTextRun SpellingErrorV2Themed SCXW21154920 BCX0\">Visionary<\/span><span class=\"NormalTextRun SCXW21154920 BCX0\">\u00a0Victory Hoodie ist die perfekte Wahl f\u00fcr entspannte Tage \u2013 sei es im Alltag oder beim Chillen. Hergestellt aus hochwertigem, dickerem Stoff sorgt er f\u00fcr h\u00f6chsten Tragekomfort. Erh\u00e4ltlich in\u00a0<\/span><span class=\"NormalTextRun SCXW21154920 BCX0\">vier<\/span><span class=\"NormalTextRun SCXW21154920 BCX0\"> trendigen Farben, ist dieser Hoodie ein echtes Must-Have!<\/span><\/span><\/p>\n<p><strong><span class=\"TextRun SCXW35431302 BCX8\" lang=\"DE-AT\" xml:lang=\"DE-AT\" data-contrast=\"none\"><span class=\"NormalTextRun SCXW35431302 BCX8\">Verf\u00fcgbare Gr\u00f6\u00dfen:<\/span><span class=\"NormalTextRun SCXW35431302 BCX8\">\u00a0<\/span><\/span><span class=\"TextRun SCXW35431302 BCX8\" lang=\"DE-AT\" xml:lang=\"DE-AT\" data-contrast=\"none\"><span class=\"NormalTextRun SCXW35431302 BCX8\">XS, S, M, L, XL<\/span><\/span><\/strong><\/p>\n<p><strong><span class=\"NormalTextRun SCXW74537051 BCX8\">Weitere<\/span><span class=\"NormalTextRun SCXW74537051 BCX8\">\u00a0Farben:<\/span><\/strong><img loading=\"lazy\" decoding=\"async\" class=\"alignnone size-full wp-image-362\" src=\"https:\/\/actionmall.act.at\/shop\/2964\/wp-content\/uploads\/2026\/01\/Screenshot-2026-01-19-182538-Farben.png\" alt=\"\" width=\"98\" height=\"22\" \/><\/p>\n","protected":false},"excerpt":{"rendered":"<p>Der\u00a0Visionary\u00a0Victory Hoodie ist die perfekte Wahl f\u00fcr entspannte Tage \u2013 sei es im Alltag oder beim Chillen. Hergestellt aus hochwertigem, dickerem Stoff sorgt er f\u00fcr h\u00f6chsten Tragekomfort. Erh\u00e4ltlich in\u00a0vier trendigen Farben, ist dieser Hoodie ein echtes Must-Have! Verf\u00fcgbare Gr\u00f6\u00dfen:\u00a0XS, S, M, L, XL Weitere\u00a0Farben:<\/p>\n","protected":false},"featured_media":258,"template":"","meta":[],"product_cat":[],"product_tag":[],"class_list":{"0":"post-339","1":"product","2":"type-product","3":"status-publish","4":"has-post-thumbnail","7":"first","8":"instock","9":"sale","10":"taxable","11":"shipping-taxable","12":"purchasable","13":"product-type-simple"},"_links":{"self":[{"href":"https:\/\/actionmall.act.at\/shop\/2964\/wp-json\/wp\/v2\/product\/339"}],"collection":[{"href":"https:\/\/actionmall.act.at\/shop\/2964\/wp-json\/wp\/v2\/product"}],"about":[{"href":"https:\/\/actionmall.act.at\/shop\/2964\/wp-json\/wp\/v2\/types\/product"}],"wp:featuredmedia":[{"embeddable":true,"href":"https:\/\/actionmall.act.at\/shop\/2964\/wp-json\/wp\/v2\/media\/258"}],"wp:attachment":[{"href":"https:\/\/actionmall.act.at\/shop\/2964\/wp-json\/wp\/v2\/media?parent=339"}],"wp:term":[{"taxonomy":"product_cat","embeddable":true,"href":"https:\/\/actionmall.act.at\/shop\/2964\/wp-json\/wp\/v2\/product_cat?post=339"},{"taxonomy":"product_tag","embeddable":true,"href":"https:\/\/actionmall.act.at\/shop\/2964\/wp-json\/wp\/v2\/product_tag?post=339"}],"curies":[{"name":"wp","href":"https:\/\/api.w.org\/{rel}","templated":true}]}}