{"id":343,"date":"2026-01-19T17:41:53","date_gmt":"2026-01-19T16:41:53","guid":{"rendered":"https:\/\/actionmall.act.at\/shop\/2964\/?post_type=product&#038;p=343"},"modified":"2026-01-26T10:05:24","modified_gmt":"2026-01-26T09:05:24","slug":"fleece-gefuetterter-hoodie","status":"publish","type":"product","link":"https:\/\/actionmall.act.at\/shop\/2964\/produkt\/fleece-gefuetterter-hoodie\/","title":{"rendered":"Fleece gef\u00fctterter Hoodie"},"content":{"rendered":"<p><span class=\"NormalTextRun SCXW136461297 BCX8\">Der\u00a0<\/span><span class=\"NormalTextRun SpellingErrorV2Themed SCXW136461297 BCX8\">f<\/span><span class=\"NormalTextRun SpellingErrorV2Themed SCXW136461297 BCX8\">leecegef\u00fctterte<\/span><span class=\"NormalTextRun SCXW136461297 BCX8\">\u00a0Zip Hoodie h\u00e4lt angenehm warm und bietet ein weiches Tragegef\u00fchl. Dank durchgehendem Rei\u00dfverschluss und verstellbarer Kapuze ist er vielseitig tragbar<\/span><span class=\"NormalTextRun SCXW136461297 BCX8\">. Exklusiv in beige erh\u00e4ltlich.<\/span><\/p>\n","protected":false},"excerpt":{"rendered":"<p>Der\u00a0fleecegef\u00fctterte\u00a0Zip Hoodie h\u00e4lt angenehm warm und bietet ein weiches Tragegef\u00fchl. Dank durchgehendem Rei\u00dfverschluss und verstellbarer Kapuze ist er vielseitig tragbar. Exklusiv in beige erh\u00e4ltlich.<\/p>\n","protected":false},"featured_media":271,"template":"","meta":[],"product_cat":[],"product_tag":[],"class_list":{"0":"post-343","1":"product","2":"type-product","3":"status-publish","4":"has-post-thumbnail","7":"first","8":"instock","9":"taxable","10":"shipping-taxable","11":"purchasable","12":"product-type-simple"},"_links":{"self":[{"href":"https:\/\/actionmall.act.at\/shop\/2964\/wp-json\/wp\/v2\/product\/343"}],"collection":[{"href":"https:\/\/actionmall.act.at\/shop\/2964\/wp-json\/wp\/v2\/product"}],"about":[{"href":"https:\/\/actionmall.act.at\/shop\/2964\/wp-json\/wp\/v2\/types\/product"}],"wp:featuredmedia":[{"embeddable":true,"href":"https:\/\/actionmall.act.at\/shop\/2964\/wp-json\/wp\/v2\/media\/271"}],"wp:attachment":[{"href":"https:\/\/actionmall.act.at\/shop\/2964\/wp-json\/wp\/v2\/media?parent=343"}],"wp:term":[{"taxonomy":"product_cat","embeddable":true,"href":"https:\/\/actionmall.act.at\/shop\/2964\/wp-json\/wp\/v2\/product_cat?post=343"},{"taxonomy":"product_tag","embeddable":true,"href":"https:\/\/actionmall.act.at\/shop\/2964\/wp-json\/wp\/v2\/product_tag?post=343"}],"curies":[{"name":"wp","href":"https:\/\/api.w.org\/{rel}","templated":true}]}}